{"id":3523,"date":"2026-04-27T18:40:41","date_gmt":"2026-04-27T16:40:41","guid":{"rendered":"https:\/\/ceramix.es\/producto\/spc\/"},"modified":"2026-04-27T18:40:41","modified_gmt":"2026-04-27T16:40:41","slug":"spc","status":"publish","type":"product","link":"https:\/\/ceramix.es\/ca\/producto\/spc\/","title":{"rendered":"SPC"},"content":{"rendered":"<p>L&#8217;SPC \u00e9s l&#8217;evoluci\u00f3 definitiva dels paviments tradicionals. Combina el realisme i la calidesa visual de la fusta amb una resist\u00e8ncia t\u00e8cnica inigualable. Gr\u00e0cies al seu nucli r\u00edgid de pedra calc\u00e0ria natural, \u00e9s 100% resistent a l&#8217;aigua, extremadament estable i durador, i no pateix les dilatacions dels laminats cl\u00e0ssics. \u00c9s la soluci\u00f3 perfecta per unificar el disseny de tota la teva llar, incloent-hi banys i cuines, aportant el m\u00e0xim confort sense preocupar-te pel manteniment.   <\/p>\n","protected":false},"excerpt":{"rendered":"<p>L&#8217;SPC \u00e9s l&#8217;evoluci\u00f3 definitiva dels paviments tradicionals. Combina el realisme i la calidesa visual de la fusta amb una resist\u00e8ncia t\u00e8cnica inigualable. Gr\u00e0cies al seu nucli r\u00edgid de pedra calc\u00e0ria natural, \u00e9s 100% resistent a l&#8217;aigua, extremadament estable i durador, i no pateix les dilatacions dels laminats cl\u00e0ssics. \u00c9s la soluci\u00f3 perfecta per unificar el disseny de tota la teva llar, incloent-hi banys i cuines, aportant el m\u00e0xim confort sense preocupar-te pel manteniment.   <\/p>\n","protected":false},"featured_media":3505,"comment_status":"open","ping_status":"closed","template":"","meta":[],"product_brand":[],"product_cat":[126],"product_tag":[],"estilo-visual":[124],"coleccion":[496,493,492,494,495],"material":[498],"formato":[],"rectificado":[],"antideslizante":[],"calidad":[],"uso":[128,131],"color":[121,270,424,497,135,277,142,365],"clasificacion":[118],"acabado":[117],"etiqueta-destacada":[167],"class_list":{"0":"post-3523","1":"product","2":"type-product","3":"status-publish","4":"has-post-thumbnail","6":"product_cat-paviments","7":"estilo-visual-fusta","8":"coleccion-amalthea","9":"coleccion-gaia","10":"coleccion-infinity","11":"coleccion-meridian","12":"coleccion-nova","13":"material-spc","14":"uso-interior","15":"uso-terra","16":"color-faig","17":"color-grey","18":"color-honey","19":"color-light-grey","20":"color-natural","21":"color-oak","22":"color-taupe","23":"color-walnut","24":"clasificacion-cataleg","25":"acabado-mate","26":"etiqueta-destacada-novetat","28":"first","29":"instock","30":"shipping-taxable","31":"purchasable","32":"product-type-variable"},"yoast_head":"<!-- This site is optimized with the Yoast SEO plugin v27.4 - https:\/\/yoast.com\/product\/yoast-seo-wordpress\/ -->\n<title>SPC - Ceramix<\/title>\n<meta name=\"description\" content=\"L&#039;SPC \u00e9s l&#039;evoluci\u00f3 definitiva dels paviments tradicionals. Combina el realisme i la calidesa visual de la fusta amb una resist\u00e8ncia t\u00e8cnica inigualable. Gr\u00e0cies al seu nucli r\u00edgid de pedra calc\u00e0ria natural, \u00e9s 100% resistent a l&#039;aigua, extremadament estable i durador, i no pateix les dilatacions dels laminats cl\u00e0ssics. \u00c9s la soluci\u00f3 perfecta per unificar el disseny de tota la teva llar, incloent-hi banys i cuines, aportant el m\u00e0xim confort sense preocupar-te pel manteniment.\" \/>\n<meta name=\"robots\" content=\"index, follow, max-snippet:-1, max-image-preview:large, max-video-preview:-1\" \/>\n<link rel=\"canonical\" href=\"https:\/\/ceramix.es\/ca\/producto\/spc\/\" \/>\n<meta property=\"og:locale\" content=\"ca_ES\" \/>\n<meta property=\"og:type\" content=\"article\" \/>\n<meta property=\"og:title\" content=\"SPC - Ceramix\" \/>\n<meta property=\"og:description\" content=\"L&#039;SPC \u00e9s l&#039;evoluci\u00f3 definitiva dels paviments tradicionals. Combina el realisme i la calidesa visual de la fusta amb una resist\u00e8ncia t\u00e8cnica inigualable. Gr\u00e0cies al seu nucli r\u00edgid de pedra calc\u00e0ria natural, \u00e9s 100% resistent a l&#039;aigua, extremadament estable i durador, i no pateix les dilatacions dels laminats cl\u00e0ssics. \u00c9s la soluci\u00f3 perfecta per unificar el disseny de tota la teva llar, incloent-hi banys i cuines, aportant el m\u00e0xim confort sense preocupar-te pel manteniment.\" \/>\n<meta property=\"og:url\" content=\"https:\/\/ceramix.es\/ca\/producto\/spc\/\" \/>\n<meta property=\"og:site_name\" content=\"Ceramix\" \/>\n<meta property=\"article:publisher\" content=\"https:\/\/www.facebook.com\/ceramix.sbd\" \/>\n<meta property=\"og:image\" content=\"https:\/\/ceramix.es\/wp-content\/uploads\/2026\/04\/ambiente-Nova-SPC.webp\" \/>\n\t<meta property=\"og:image:width\" content=\"1920\" \/>\n\t<meta property=\"og:image:height\" content=\"1440\" \/>\n\t<meta property=\"og:image:type\" content=\"image\/webp\" \/>\n<meta name=\"twitter:card\" content=\"summary_large_image\" \/>\n<script type=\"application\/ld+json\" class=\"yoast-schema-graph\">{\"@context\":\"https:\\\/\\\/schema.org\",\"@graph\":[{\"@type\":\"WebPage\",\"@id\":\"https:\\\/\\\/ceramix.es\\\/ca\\\/producto\\\/spc\\\/\",\"url\":\"https:\\\/\\\/ceramix.es\\\/ca\\\/producto\\\/spc\\\/\",\"name\":\"SPC - Ceramix\",\"isPartOf\":{\"@id\":\"https:\\\/\\\/ceramix.es\\\/ca\\\/#website\"},\"primaryImageOfPage\":{\"@id\":\"https:\\\/\\\/ceramix.es\\\/ca\\\/producto\\\/spc\\\/#primaryimage\"},\"image\":{\"@id\":\"https:\\\/\\\/ceramix.es\\\/ca\\\/producto\\\/spc\\\/#primaryimage\"},\"thumbnailUrl\":\"https:\\\/\\\/ceramix.es\\\/wp-content\\\/uploads\\\/2026\\\/04\\\/ambiente-Nova-SPC.webp\",\"datePublished\":\"2026-04-27T16:40:41+00:00\",\"description\":\"L'SPC \u00e9s l'evoluci\u00f3 definitiva dels paviments tradicionals. Combina el realisme i la calidesa visual de la fusta amb una resist\u00e8ncia t\u00e8cnica inigualable. Gr\u00e0cies al seu nucli r\u00edgid de pedra calc\u00e0ria natural, \u00e9s 100% resistent a l'aigua, extremadament estable i durador, i no pateix les dilatacions dels laminats cl\u00e0ssics. \u00c9s la soluci\u00f3 perfecta per unificar el disseny de tota la teva llar, incloent-hi banys i cuines, aportant el m\u00e0xim confort sense preocupar-te pel manteniment.\",\"breadcrumb\":{\"@id\":\"https:\\\/\\\/ceramix.es\\\/ca\\\/producto\\\/spc\\\/#breadcrumb\"},\"inLanguage\":\"ca\",\"potentialAction\":[{\"@type\":\"ReadAction\",\"target\":[\"https:\\\/\\\/ceramix.es\\\/ca\\\/producto\\\/spc\\\/\"]}]},{\"@type\":\"ImageObject\",\"inLanguage\":\"ca\",\"@id\":\"https:\\\/\\\/ceramix.es\\\/ca\\\/producto\\\/spc\\\/#primaryimage\",\"url\":\"https:\\\/\\\/ceramix.es\\\/wp-content\\\/uploads\\\/2026\\\/04\\\/ambiente-Nova-SPC.webp\",\"contentUrl\":\"https:\\\/\\\/ceramix.es\\\/wp-content\\\/uploads\\\/2026\\\/04\\\/ambiente-Nova-SPC.webp\",\"width\":1920,\"height\":1440},{\"@type\":\"BreadcrumbList\",\"@id\":\"https:\\\/\\\/ceramix.es\\\/ca\\\/producto\\\/spc\\\/#breadcrumb\",\"itemListElement\":[{\"@type\":\"ListItem\",\"position\":1,\"name\":\"Ceramix\",\"item\":\"https:\\\/\\\/ceramix.es\\\/ca\\\/ceramix\\\/\"},{\"@type\":\"ListItem\",\"position\":2,\"name\":\"Cat\u00e0leg de productes\",\"item\":\"https:\\\/\\\/ceramix.es\\\/ca\\\/cataleg-de-productes\\\/\"},{\"@type\":\"ListItem\",\"position\":3,\"name\":\"Paviments\",\"item\":\"https:\\\/\\\/ceramix.es\\\/ca\\\/categoria-producto\\\/paviments\\\/\"},{\"@type\":\"ListItem\",\"position\":4,\"name\":\"SPC\"}]},{\"@type\":\"WebSite\",\"@id\":\"https:\\\/\\\/ceramix.es\\\/ca\\\/#website\",\"url\":\"https:\\\/\\\/ceramix.es\\\/ca\\\/\",\"name\":\"Ceramix\",\"description\":\"Cat\u00e1logo y stocks de gres porcel\u00e1nico e interiorismo.\",\"publisher\":{\"@id\":\"https:\\\/\\\/ceramix.es\\\/ca\\\/#organization\"},\"potentialAction\":[{\"@type\":\"SearchAction\",\"target\":{\"@type\":\"EntryPoint\",\"urlTemplate\":\"https:\\\/\\\/ceramix.es\\\/ca\\\/?s={search_term_string}\"},\"query-input\":{\"@type\":\"PropertyValueSpecification\",\"valueRequired\":true,\"valueName\":\"search_term_string\"}}],\"inLanguage\":\"ca\"},{\"@type\":\"Organization\",\"@id\":\"https:\\\/\\\/ceramix.es\\\/ca\\\/#organization\",\"name\":\"Ceramix\",\"url\":\"https:\\\/\\\/ceramix.es\\\/ca\\\/\",\"logo\":{\"@type\":\"ImageObject\",\"inLanguage\":\"ca\",\"@id\":\"https:\\\/\\\/ceramix.es\\\/ca\\\/#\\\/schema\\\/logo\\\/image\\\/\",\"url\":\"https:\\\/\\\/ceramix.es\\\/wp-content\\\/uploads\\\/2025\\\/09\\\/logo-ceramix.png\",\"contentUrl\":\"https:\\\/\\\/ceramix.es\\\/wp-content\\\/uploads\\\/2025\\\/09\\\/logo-ceramix.png\",\"width\":1200,\"height\":336,\"caption\":\"Ceramix\"},\"image\":{\"@id\":\"https:\\\/\\\/ceramix.es\\\/ca\\\/#\\\/schema\\\/logo\\\/image\\\/\"},\"sameAs\":[\"https:\\\/\\\/www.facebook.com\\\/ceramix.sbd\",\"https:\\\/\\\/www.instagram.com\\\/ceramix.sbd\"]}]}<\/script>\n<!-- \/ Yoast SEO plugin. -->","yoast_head_json":{"title":"SPC - Ceramix","description":"L'SPC \u00e9s l'evoluci\u00f3 definitiva dels paviments tradicionals. Combina el realisme i la calidesa visual de la fusta amb una resist\u00e8ncia t\u00e8cnica inigualable. Gr\u00e0cies al seu nucli r\u00edgid de pedra calc\u00e0ria natural, \u00e9s 100% resistent a l'aigua, extremadament estable i durador, i no pateix les dilatacions dels laminats cl\u00e0ssics. \u00c9s la soluci\u00f3 perfecta per unificar el disseny de tota la teva llar, incloent-hi banys i cuines, aportant el m\u00e0xim confort sense preocupar-te pel manteniment.","robots":{"index":"index","follow":"follow","max-snippet":"max-snippet:-1","max-image-preview":"max-image-preview:large","max-video-preview":"max-video-preview:-1"},"canonical":"https:\/\/ceramix.es\/ca\/producto\/spc\/","og_locale":"ca_ES","og_type":"article","og_title":"SPC - Ceramix","og_description":"L'SPC \u00e9s l'evoluci\u00f3 definitiva dels paviments tradicionals. Combina el realisme i la calidesa visual de la fusta amb una resist\u00e8ncia t\u00e8cnica inigualable. Gr\u00e0cies al seu nucli r\u00edgid de pedra calc\u00e0ria natural, \u00e9s 100% resistent a l'aigua, extremadament estable i durador, i no pateix les dilatacions dels laminats cl\u00e0ssics. \u00c9s la soluci\u00f3 perfecta per unificar el disseny de tota la teva llar, incloent-hi banys i cuines, aportant el m\u00e0xim confort sense preocupar-te pel manteniment.","og_url":"https:\/\/ceramix.es\/ca\/producto\/spc\/","og_site_name":"Ceramix","article_publisher":"https:\/\/www.facebook.com\/ceramix.sbd","og_image":[{"width":1920,"height":1440,"url":"https:\/\/ceramix.es\/wp-content\/uploads\/2026\/04\/ambiente-Nova-SPC.webp","type":"image\/webp"}],"twitter_card":"summary_large_image","schema":{"@context":"https:\/\/schema.org","@graph":[{"@type":"WebPage","@id":"https:\/\/ceramix.es\/ca\/producto\/spc\/","url":"https:\/\/ceramix.es\/ca\/producto\/spc\/","name":"SPC - Ceramix","isPartOf":{"@id":"https:\/\/ceramix.es\/ca\/#website"},"primaryImageOfPage":{"@id":"https:\/\/ceramix.es\/ca\/producto\/spc\/#primaryimage"},"image":{"@id":"https:\/\/ceramix.es\/ca\/producto\/spc\/#primaryimage"},"thumbnailUrl":"https:\/\/ceramix.es\/wp-content\/uploads\/2026\/04\/ambiente-Nova-SPC.webp","datePublished":"2026-04-27T16:40:41+00:00","description":"L'SPC \u00e9s l'evoluci\u00f3 definitiva dels paviments tradicionals. Combina el realisme i la calidesa visual de la fusta amb una resist\u00e8ncia t\u00e8cnica inigualable. Gr\u00e0cies al seu nucli r\u00edgid de pedra calc\u00e0ria natural, \u00e9s 100% resistent a l'aigua, extremadament estable i durador, i no pateix les dilatacions dels laminats cl\u00e0ssics. \u00c9s la soluci\u00f3 perfecta per unificar el disseny de tota la teva llar, incloent-hi banys i cuines, aportant el m\u00e0xim confort sense preocupar-te pel manteniment.","breadcrumb":{"@id":"https:\/\/ceramix.es\/ca\/producto\/spc\/#breadcrumb"},"inLanguage":"ca","potentialAction":[{"@type":"ReadAction","target":["https:\/\/ceramix.es\/ca\/producto\/spc\/"]}]},{"@type":"ImageObject","inLanguage":"ca","@id":"https:\/\/ceramix.es\/ca\/producto\/spc\/#primaryimage","url":"https:\/\/ceramix.es\/wp-content\/uploads\/2026\/04\/ambiente-Nova-SPC.webp","contentUrl":"https:\/\/ceramix.es\/wp-content\/uploads\/2026\/04\/ambiente-Nova-SPC.webp","width":1920,"height":1440},{"@type":"BreadcrumbList","@id":"https:\/\/ceramix.es\/ca\/producto\/spc\/#breadcrumb","itemListElement":[{"@type":"ListItem","position":1,"name":"Ceramix","item":"https:\/\/ceramix.es\/ca\/ceramix\/"},{"@type":"ListItem","position":2,"name":"Cat\u00e0leg de productes","item":"https:\/\/ceramix.es\/ca\/cataleg-de-productes\/"},{"@type":"ListItem","position":3,"name":"Paviments","item":"https:\/\/ceramix.es\/ca\/categoria-producto\/paviments\/"},{"@type":"ListItem","position":4,"name":"SPC"}]},{"@type":"WebSite","@id":"https:\/\/ceramix.es\/ca\/#website","url":"https:\/\/ceramix.es\/ca\/","name":"Ceramix","description":"Cat\u00e1logo y stocks de gres porcel\u00e1nico e interiorismo.","publisher":{"@id":"https:\/\/ceramix.es\/ca\/#organization"},"potentialAction":[{"@type":"SearchAction","target":{"@type":"EntryPoint","urlTemplate":"https:\/\/ceramix.es\/ca\/?s={search_term_string}"},"query-input":{"@type":"PropertyValueSpecification","valueRequired":true,"valueName":"search_term_string"}}],"inLanguage":"ca"},{"@type":"Organization","@id":"https:\/\/ceramix.es\/ca\/#organization","name":"Ceramix","url":"https:\/\/ceramix.es\/ca\/","logo":{"@type":"ImageObject","inLanguage":"ca","@id":"https:\/\/ceramix.es\/ca\/#\/schema\/logo\/image\/","url":"https:\/\/ceramix.es\/wp-content\/uploads\/2025\/09\/logo-ceramix.png","contentUrl":"https:\/\/ceramix.es\/wp-content\/uploads\/2025\/09\/logo-ceramix.png","width":1200,"height":336,"caption":"Ceramix"},"image":{"@id":"https:\/\/ceramix.es\/ca\/#\/schema\/logo\/image\/"},"sameAs":["https:\/\/www.facebook.com\/ceramix.sbd","https:\/\/www.instagram.com\/ceramix.sbd"]}]}},"_links":{"self":[{"href":"https:\/\/ceramix.es\/ca\/wp-json\/wp\/v2\/product\/3523","targetHints":{"allow":["GET"]}}],"collection":[{"href":"https:\/\/ceramix.es\/ca\/wp-json\/wp\/v2\/product"}],"about":[{"href":"https:\/\/ceramix.es\/ca\/wp-json\/wp\/v2\/types\/product"}],"replies":[{"embeddable":true,"href":"https:\/\/ceramix.es\/ca\/wp-json\/wp\/v2\/comments?post=3523"}],"wp:featuredmedia":[{"embeddable":true,"href":"https:\/\/ceramix.es\/ca\/wp-json\/wp\/v2\/media\/3505"}],"wp:attachment":[{"href":"https:\/\/ceramix.es\/ca\/wp-json\/wp\/v2\/media?parent=3523"}],"wp:term":[{"taxonomy":"product_brand","embeddable":true,"href":"https:\/\/ceramix.es\/ca\/wp-json\/wp\/v2\/product_brand?post=3523"},{"taxonomy":"product_cat","embeddable":true,"href":"https:\/\/ceramix.es\/ca\/wp-json\/wp\/v2\/product_cat?post=3523"},{"taxonomy":"product_tag","embeddable":true,"href":"https:\/\/ceramix.es\/ca\/wp-json\/wp\/v2\/product_tag?post=3523"},{"taxonomy":"estilo-visual","embeddable":true,"href":"https:\/\/ceramix.es\/ca\/wp-json\/wp\/v2\/estilo-visual?post=3523"},{"taxonomy":"coleccion","embeddable":true,"href":"https:\/\/ceramix.es\/ca\/wp-json\/wp\/v2\/coleccion?post=3523"},{"taxonomy":"material","embeddable":true,"href":"https:\/\/ceramix.es\/ca\/wp-json\/wp\/v2\/material?post=3523"},{"taxonomy":"formato","embeddable":true,"href":"https:\/\/ceramix.es\/ca\/wp-json\/wp\/v2\/formato?post=3523"},{"taxonomy":"rectificado","embeddable":true,"href":"https:\/\/ceramix.es\/ca\/wp-json\/wp\/v2\/rectificado?post=3523"},{"taxonomy":"antideslizante","embeddable":true,"href":"https:\/\/ceramix.es\/ca\/wp-json\/wp\/v2\/antideslizante?post=3523"},{"taxonomy":"calidad","embeddable":true,"href":"https:\/\/ceramix.es\/ca\/wp-json\/wp\/v2\/calidad?post=3523"},{"taxonomy":"uso","embeddable":true,"href":"https:\/\/ceramix.es\/ca\/wp-json\/wp\/v2\/uso?post=3523"},{"taxonomy":"color","embeddable":true,"href":"https:\/\/ceramix.es\/ca\/wp-json\/wp\/v2\/color?post=3523"},{"taxonomy":"clasificacion","embeddable":true,"href":"https:\/\/ceramix.es\/ca\/wp-json\/wp\/v2\/clasificacion?post=3523"},{"taxonomy":"acabado","embeddable":true,"href":"https:\/\/ceramix.es\/ca\/wp-json\/wp\/v2\/acabado?post=3523"},{"taxonomy":"etiqueta-destacada","embeddable":true,"href":"https:\/\/ceramix.es\/ca\/wp-json\/wp\/v2\/etiqueta-destacada?post=3523"}],"curies":[{"name":"wp","href":"https:\/\/api.w.org\/{rel}","templated":true}]}}