{"id":2903,"date":"2026-02-12T18:53:22","date_gmt":"2026-02-12T17:53:22","guid":{"rendered":"https:\/\/ceramix.es\/producto\/altair-white\/"},"modified":"2026-04-23T11:13:01","modified_gmt":"2026-04-23T09:13:01","slug":"altair-white","status":"publish","type":"product","link":"https:\/\/ceramix.es\/ca\/producto\/altair-white\/","title":{"rendered":"Altair White"},"content":{"rendered":"<p>Altair White \u00e9s la m\u00e0xima expressi\u00f3 de l&#8217;eleg\u00e0ncia marm\u00f2ria, aportant una lluminositat vibrant i una sofisticaci\u00f3 atemporal que amplia visualment qualsevol estan\u00e7a. El seu disseny de puresa infinita el converteix en la joia perfecta per crear ambients de luxe ser\u00e8 <\/p>\n","protected":false},"excerpt":{"rendered":"<p>Altair White \u00e9s la m\u00e0xima expressi\u00f3 de l&#8217;eleg\u00e0ncia marm\u00f2ria, aportant una lluminositat vibrant i una sofisticaci\u00f3 atemporal que amplia visualment qualsevol estan\u00e7a. El seu disseny de puresa infinita el converteix en la joia perfecta per crear ambients de luxe ser\u00e8 <\/p>\n","protected":false},"featured_media":2901,"comment_status":"open","ping_status":"closed","template":"","meta":[],"product_brand":[],"product_cat":[150,126,127],"product_tag":[],"estilo-visual":[147],"coleccion":[373],"material":[125],"formato":[28,29,30],"rectificado":[33],"antideslizante":[214],"calidad":[35],"uso":[129,128,130,131],"color":[288],"clasificacion":[118],"acabado":[194,144,209],"etiqueta-destacada":[],"class_list":{"0":"post-2903","1":"product","2":"type-product","3":"status-publish","4":"has-post-thumbnail","6":"product_cat-gran-format","7":"product_cat-paviments","8":"product_cat-revestiments","9":"estilo-visual-marbre","10":"coleccion-altair-white","11":"material-porcellanic","12":"formato-60x60","13":"formato-60x120","14":"formato-100x100","15":"rectificado-si","16":"antideslizante-no","17":"calidad-1a","18":"uso-exterior","19":"uso-interior","20":"uso-paret","21":"uso-terra","22":"color-blanc-2","23":"clasificacion-cataleg","24":"acabado-brillant","25":"acabado-polit","26":"acabado-satinat","28":"first","29":"instock","30":"shipping-taxable","31":"purchasable","32":"product-type-variable"},"yoast_head":"<!-- This site is optimized with the Yoast SEO plugin v27.4 - https:\/\/yoast.com\/product\/yoast-seo-wordpress\/ -->\n<title>Altair White - Ceramix<\/title>\n<meta name=\"description\" content=\"Altair White \u00e9s la m\u00e0xima expressi\u00f3 de l&#039;eleg\u00e0ncia marm\u00f2ria, aportant una lluminositat vibrant i una sofisticaci\u00f3 atemporal que amplia visualment qualsevol estan\u00e7a. El seu disseny de puresa infinita el converteix en la joia perfecta per crear ambients de luxe ser\u00e8\" \/>\n<meta name=\"robots\" content=\"index, follow, max-snippet:-1, max-image-preview:large, max-video-preview:-1\" \/>\n<link rel=\"canonical\" href=\"https:\/\/ceramix.es\/ca\/producto\/altair-white\/\" \/>\n<meta property=\"og:locale\" content=\"ca_ES\" \/>\n<meta property=\"og:type\" content=\"article\" \/>\n<meta property=\"og:title\" content=\"Altair White - Ceramix\" \/>\n<meta property=\"og:description\" content=\"Altair White \u00e9s la m\u00e0xima expressi\u00f3 de l&#039;eleg\u00e0ncia marm\u00f2ria, aportant una lluminositat vibrant i una sofisticaci\u00f3 atemporal que amplia visualment qualsevol estan\u00e7a. El seu disseny de puresa infinita el converteix en la joia perfecta per crear ambients de luxe ser\u00e8\" \/>\n<meta property=\"og:url\" content=\"https:\/\/ceramix.es\/ca\/producto\/altair-white\/\" \/>\n<meta property=\"og:site_name\" content=\"Ceramix\" \/>\n<meta property=\"article:publisher\" content=\"https:\/\/www.facebook.com\/ceramix.sbd\" \/>\n<meta property=\"article:modified_time\" content=\"2026-04-23T09:13:01+00:00\" \/>\n<meta property=\"og:image\" content=\"https:\/\/ceramix.es\/wp-content\/uploads\/2026\/02\/ambiente-14.webp\" \/>\n\t<meta property=\"og:image:width\" content=\"1920\" \/>\n\t<meta property=\"og:image:height\" content=\"1344\" \/>\n\t<meta property=\"og:image:type\" content=\"image\/webp\" \/>\n<meta name=\"twitter:card\" content=\"summary_large_image\" \/>\n<script type=\"application\/ld+json\" class=\"yoast-schema-graph\">{\"@context\":\"https:\\\/\\\/schema.org\",\"@graph\":[{\"@type\":\"WebPage\",\"@id\":\"https:\\\/\\\/ceramix.es\\\/ca\\\/producto\\\/altair-white\\\/\",\"url\":\"https:\\\/\\\/ceramix.es\\\/ca\\\/producto\\\/altair-white\\\/\",\"name\":\"Altair White - Ceramix\",\"isPartOf\":{\"@id\":\"https:\\\/\\\/ceramix.es\\\/ca\\\/#website\"},\"primaryImageOfPage\":{\"@id\":\"https:\\\/\\\/ceramix.es\\\/ca\\\/producto\\\/altair-white\\\/#primaryimage\"},\"image\":{\"@id\":\"https:\\\/\\\/ceramix.es\\\/ca\\\/producto\\\/altair-white\\\/#primaryimage\"},\"thumbnailUrl\":\"https:\\\/\\\/ceramix.es\\\/wp-content\\\/uploads\\\/2026\\\/02\\\/ambiente-14.webp\",\"datePublished\":\"2026-02-12T17:53:22+00:00\",\"dateModified\":\"2026-04-23T09:13:01+00:00\",\"description\":\"Altair White \u00e9s la m\u00e0xima expressi\u00f3 de l'eleg\u00e0ncia marm\u00f2ria, aportant una lluminositat vibrant i una sofisticaci\u00f3 atemporal que amplia visualment qualsevol estan\u00e7a. El seu disseny de puresa infinita el converteix en la joia perfecta per crear ambients de luxe ser\u00e8\",\"breadcrumb\":{\"@id\":\"https:\\\/\\\/ceramix.es\\\/ca\\\/producto\\\/altair-white\\\/#breadcrumb\"},\"inLanguage\":\"ca\",\"potentialAction\":[{\"@type\":\"ReadAction\",\"target\":[\"https:\\\/\\\/ceramix.es\\\/ca\\\/producto\\\/altair-white\\\/\"]}]},{\"@type\":\"ImageObject\",\"inLanguage\":\"ca\",\"@id\":\"https:\\\/\\\/ceramix.es\\\/ca\\\/producto\\\/altair-white\\\/#primaryimage\",\"url\":\"https:\\\/\\\/ceramix.es\\\/wp-content\\\/uploads\\\/2026\\\/02\\\/ambiente-14.webp\",\"contentUrl\":\"https:\\\/\\\/ceramix.es\\\/wp-content\\\/uploads\\\/2026\\\/02\\\/ambiente-14.webp\",\"width\":1920,\"height\":1344},{\"@type\":\"BreadcrumbList\",\"@id\":\"https:\\\/\\\/ceramix.es\\\/ca\\\/producto\\\/altair-white\\\/#breadcrumb\",\"itemListElement\":[{\"@type\":\"ListItem\",\"position\":1,\"name\":\"Ceramix\",\"item\":\"https:\\\/\\\/ceramix.es\\\/ca\\\/ceramix\\\/\"},{\"@type\":\"ListItem\",\"position\":2,\"name\":\"Cat\u00e0leg de productes\",\"item\":\"https:\\\/\\\/ceramix.es\\\/ca\\\/cataleg-de-productes\\\/\"},{\"@type\":\"ListItem\",\"position\":3,\"name\":\"Paviments\",\"item\":\"https:\\\/\\\/ceramix.es\\\/ca\\\/categoria-producto\\\/paviments\\\/\"},{\"@type\":\"ListItem\",\"position\":4,\"name\":\"Altair White\"}]},{\"@type\":\"WebSite\",\"@id\":\"https:\\\/\\\/ceramix.es\\\/ca\\\/#website\",\"url\":\"https:\\\/\\\/ceramix.es\\\/ca\\\/\",\"name\":\"Ceramix\",\"description\":\"Cat\u00e1logo y stocks de gres porcel\u00e1nico e interiorismo.\",\"publisher\":{\"@id\":\"https:\\\/\\\/ceramix.es\\\/ca\\\/#organization\"},\"potentialAction\":[{\"@type\":\"SearchAction\",\"target\":{\"@type\":\"EntryPoint\",\"urlTemplate\":\"https:\\\/\\\/ceramix.es\\\/ca\\\/?s={search_term_string}\"},\"query-input\":{\"@type\":\"PropertyValueSpecification\",\"valueRequired\":true,\"valueName\":\"search_term_string\"}}],\"inLanguage\":\"ca\"},{\"@type\":\"Organization\",\"@id\":\"https:\\\/\\\/ceramix.es\\\/ca\\\/#organization\",\"name\":\"Ceramix\",\"url\":\"https:\\\/\\\/ceramix.es\\\/ca\\\/\",\"logo\":{\"@type\":\"ImageObject\",\"inLanguage\":\"ca\",\"@id\":\"https:\\\/\\\/ceramix.es\\\/ca\\\/#\\\/schema\\\/logo\\\/image\\\/\",\"url\":\"https:\\\/\\\/ceramix.es\\\/wp-content\\\/uploads\\\/2025\\\/09\\\/logo-ceramix.png\",\"contentUrl\":\"https:\\\/\\\/ceramix.es\\\/wp-content\\\/uploads\\\/2025\\\/09\\\/logo-ceramix.png\",\"width\":1200,\"height\":336,\"caption\":\"Ceramix\"},\"image\":{\"@id\":\"https:\\\/\\\/ceramix.es\\\/ca\\\/#\\\/schema\\\/logo\\\/image\\\/\"},\"sameAs\":[\"https:\\\/\\\/www.facebook.com\\\/ceramix.sbd\",\"https:\\\/\\\/www.instagram.com\\\/ceramix.sbd\"]}]}<\/script>\n<!-- \/ Yoast SEO plugin. -->","yoast_head_json":{"title":"Altair White - Ceramix","description":"Altair White \u00e9s la m\u00e0xima expressi\u00f3 de l'eleg\u00e0ncia marm\u00f2ria, aportant una lluminositat vibrant i una sofisticaci\u00f3 atemporal que amplia visualment qualsevol estan\u00e7a. El seu disseny de puresa infinita el converteix en la joia perfecta per crear ambients de luxe ser\u00e8","robots":{"index":"index","follow":"follow","max-snippet":"max-snippet:-1","max-image-preview":"max-image-preview:large","max-video-preview":"max-video-preview:-1"},"canonical":"https:\/\/ceramix.es\/ca\/producto\/altair-white\/","og_locale":"ca_ES","og_type":"article","og_title":"Altair White - Ceramix","og_description":"Altair White \u00e9s la m\u00e0xima expressi\u00f3 de l'eleg\u00e0ncia marm\u00f2ria, aportant una lluminositat vibrant i una sofisticaci\u00f3 atemporal que amplia visualment qualsevol estan\u00e7a. El seu disseny de puresa infinita el converteix en la joia perfecta per crear ambients de luxe ser\u00e8","og_url":"https:\/\/ceramix.es\/ca\/producto\/altair-white\/","og_site_name":"Ceramix","article_publisher":"https:\/\/www.facebook.com\/ceramix.sbd","article_modified_time":"2026-04-23T09:13:01+00:00","og_image":[{"width":1920,"height":1344,"url":"https:\/\/ceramix.es\/wp-content\/uploads\/2026\/02\/ambiente-14.webp","type":"image\/webp"}],"twitter_card":"summary_large_image","schema":{"@context":"https:\/\/schema.org","@graph":[{"@type":"WebPage","@id":"https:\/\/ceramix.es\/ca\/producto\/altair-white\/","url":"https:\/\/ceramix.es\/ca\/producto\/altair-white\/","name":"Altair White - Ceramix","isPartOf":{"@id":"https:\/\/ceramix.es\/ca\/#website"},"primaryImageOfPage":{"@id":"https:\/\/ceramix.es\/ca\/producto\/altair-white\/#primaryimage"},"image":{"@id":"https:\/\/ceramix.es\/ca\/producto\/altair-white\/#primaryimage"},"thumbnailUrl":"https:\/\/ceramix.es\/wp-content\/uploads\/2026\/02\/ambiente-14.webp","datePublished":"2026-02-12T17:53:22+00:00","dateModified":"2026-04-23T09:13:01+00:00","description":"Altair White \u00e9s la m\u00e0xima expressi\u00f3 de l'eleg\u00e0ncia marm\u00f2ria, aportant una lluminositat vibrant i una sofisticaci\u00f3 atemporal que amplia visualment qualsevol estan\u00e7a. El seu disseny de puresa infinita el converteix en la joia perfecta per crear ambients de luxe ser\u00e8","breadcrumb":{"@id":"https:\/\/ceramix.es\/ca\/producto\/altair-white\/#breadcrumb"},"inLanguage":"ca","potentialAction":[{"@type":"ReadAction","target":["https:\/\/ceramix.es\/ca\/producto\/altair-white\/"]}]},{"@type":"ImageObject","inLanguage":"ca","@id":"https:\/\/ceramix.es\/ca\/producto\/altair-white\/#primaryimage","url":"https:\/\/ceramix.es\/wp-content\/uploads\/2026\/02\/ambiente-14.webp","contentUrl":"https:\/\/ceramix.es\/wp-content\/uploads\/2026\/02\/ambiente-14.webp","width":1920,"height":1344},{"@type":"BreadcrumbList","@id":"https:\/\/ceramix.es\/ca\/producto\/altair-white\/#breadcrumb","itemListElement":[{"@type":"ListItem","position":1,"name":"Ceramix","item":"https:\/\/ceramix.es\/ca\/ceramix\/"},{"@type":"ListItem","position":2,"name":"Cat\u00e0leg de productes","item":"https:\/\/ceramix.es\/ca\/cataleg-de-productes\/"},{"@type":"ListItem","position":3,"name":"Paviments","item":"https:\/\/ceramix.es\/ca\/categoria-producto\/paviments\/"},{"@type":"ListItem","position":4,"name":"Altair White"}]},{"@type":"WebSite","@id":"https:\/\/ceramix.es\/ca\/#website","url":"https:\/\/ceramix.es\/ca\/","name":"Ceramix","description":"Cat\u00e1logo y stocks de gres porcel\u00e1nico e interiorismo.","publisher":{"@id":"https:\/\/ceramix.es\/ca\/#organization"},"potentialAction":[{"@type":"SearchAction","target":{"@type":"EntryPoint","urlTemplate":"https:\/\/ceramix.es\/ca\/?s={search_term_string}"},"query-input":{"@type":"PropertyValueSpecification","valueRequired":true,"valueName":"search_term_string"}}],"inLanguage":"ca"},{"@type":"Organization","@id":"https:\/\/ceramix.es\/ca\/#organization","name":"Ceramix","url":"https:\/\/ceramix.es\/ca\/","logo":{"@type":"ImageObject","inLanguage":"ca","@id":"https:\/\/ceramix.es\/ca\/#\/schema\/logo\/image\/","url":"https:\/\/ceramix.es\/wp-content\/uploads\/2025\/09\/logo-ceramix.png","contentUrl":"https:\/\/ceramix.es\/wp-content\/uploads\/2025\/09\/logo-ceramix.png","width":1200,"height":336,"caption":"Ceramix"},"image":{"@id":"https:\/\/ceramix.es\/ca\/#\/schema\/logo\/image\/"},"sameAs":["https:\/\/www.facebook.com\/ceramix.sbd","https:\/\/www.instagram.com\/ceramix.sbd"]}]}},"_links":{"self":[{"href":"https:\/\/ceramix.es\/ca\/wp-json\/wp\/v2\/product\/2903","targetHints":{"allow":["GET"]}}],"collection":[{"href":"https:\/\/ceramix.es\/ca\/wp-json\/wp\/v2\/product"}],"about":[{"href":"https:\/\/ceramix.es\/ca\/wp-json\/wp\/v2\/types\/product"}],"replies":[{"embeddable":true,"href":"https:\/\/ceramix.es\/ca\/wp-json\/wp\/v2\/comments?post=2903"}],"wp:featuredmedia":[{"embeddable":true,"href":"https:\/\/ceramix.es\/ca\/wp-json\/wp\/v2\/media\/2901"}],"wp:attachment":[{"href":"https:\/\/ceramix.es\/ca\/wp-json\/wp\/v2\/media?parent=2903"}],"wp:term":[{"taxonomy":"product_brand","embeddable":true,"href":"https:\/\/ceramix.es\/ca\/wp-json\/wp\/v2\/product_brand?post=2903"},{"taxonomy":"product_cat","embeddable":true,"href":"https:\/\/ceramix.es\/ca\/wp-json\/wp\/v2\/product_cat?post=2903"},{"taxonomy":"product_tag","embeddable":true,"href":"https:\/\/ceramix.es\/ca\/wp-json\/wp\/v2\/product_tag?post=2903"},{"taxonomy":"estilo-visual","embeddable":true,"href":"https:\/\/ceramix.es\/ca\/wp-json\/wp\/v2\/estilo-visual?post=2903"},{"taxonomy":"coleccion","embeddable":true,"href":"https:\/\/ceramix.es\/ca\/wp-json\/wp\/v2\/coleccion?post=2903"},{"taxonomy":"material","embeddable":true,"href":"https:\/\/ceramix.es\/ca\/wp-json\/wp\/v2\/material?post=2903"},{"taxonomy":"formato","embeddable":true,"href":"https:\/\/ceramix.es\/ca\/wp-json\/wp\/v2\/formato?post=2903"},{"taxonomy":"rectificado","embeddable":true,"href":"https:\/\/ceramix.es\/ca\/wp-json\/wp\/v2\/rectificado?post=2903"},{"taxonomy":"antideslizante","embeddable":true,"href":"https:\/\/ceramix.es\/ca\/wp-json\/wp\/v2\/antideslizante?post=2903"},{"taxonomy":"calidad","embeddable":true,"href":"https:\/\/ceramix.es\/ca\/wp-json\/wp\/v2\/calidad?post=2903"},{"taxonomy":"uso","embeddable":true,"href":"https:\/\/ceramix.es\/ca\/wp-json\/wp\/v2\/uso?post=2903"},{"taxonomy":"color","embeddable":true,"href":"https:\/\/ceramix.es\/ca\/wp-json\/wp\/v2\/color?post=2903"},{"taxonomy":"clasificacion","embeddable":true,"href":"https:\/\/ceramix.es\/ca\/wp-json\/wp\/v2\/clasificacion?post=2903"},{"taxonomy":"acabado","embeddable":true,"href":"https:\/\/ceramix.es\/ca\/wp-json\/wp\/v2\/acabado?post=2903"},{"taxonomy":"etiqueta-destacada","embeddable":true,"href":"https:\/\/ceramix.es\/ca\/wp-json\/wp\/v2\/etiqueta-destacada?post=2903"}],"curies":[{"name":"wp","href":"https:\/\/api.w.org\/{rel}","templated":true}]}}