{"id":2334,"date":"2026-02-05T10:54:58","date_gmt":"2026-02-05T09:54:58","guid":{"rendered":"https:\/\/ceramix.es\/producto\/chevron\/"},"modified":"2026-04-23T11:26:38","modified_gmt":"2026-04-23T09:26:38","slug":"chevron","status":"publish","type":"product","link":"https:\/\/ceramix.es\/ca\/producto\/chevron\/","title":{"rendered":"Chevron"},"content":{"rendered":"<p>La s\u00e8rie Chevron reinterpreta el cl\u00e0ssic disseny en espiga i aporta un dinamisme visual \u00fanic a qualsevol estan\u00e7a. Aquest porcell\u00e0nic combina la calidesa realista de la fusta amb la durabilitat extrema de la cer\u00e0mica, per la qual cosa \u00e9s ideal per als qui busquen un estil sofisticat i acollidor. \u00c9s perfecte per a ambients moderns o d&#8217;inspiraci\u00f3 cl\u00e0ssica renovada.  <\/p>\n","protected":false},"excerpt":{"rendered":"<p>La s\u00e8rie Chevron reinterpreta el cl\u00e0ssic disseny en espiga i aporta un dinamisme visual \u00fanic a qualsevol estan\u00e7a. Aquest porcell\u00e0nic combina la calidesa realista de la fusta amb la durabilitat extrema de la cer\u00e0mica, per la qual cosa \u00e9s ideal per als qui busquen un estil sofisticat i acollidor. \u00c9s perfecte per a ambients moderns o d&#8217;inspiraci\u00f3 cl\u00e0ssica renovada.  <\/p>\n","protected":false},"featured_media":2330,"comment_status":"open","ping_status":"closed","template":"","meta":[],"product_brand":[],"product_cat":[126,127],"product_tag":[],"estilo-visual":[124],"coleccion":[252],"material":[125],"formato":[29],"rectificado":[33],"antideslizante":[52],"calidad":[35],"uso":[129,128,130,131],"color":[288,135,363],"clasificacion":[118],"acabado":[117],"etiqueta-destacada":[],"class_list":{"0":"post-2334","1":"product","2":"type-product","3":"status-publish","4":"has-post-thumbnail","6":"product_cat-paviments","7":"product_cat-revestiments","8":"estilo-visual-fusta","9":"coleccion-chevron","10":"material-porcellanic","11":"formato-60x120","12":"rectificado-si","13":"antideslizante-r10","14":"calidad-1a","15":"uso-exterior","16":"uso-interior","17":"uso-paret","18":"uso-terra","19":"color-blanc-2","20":"color-natural","21":"color-nut","22":"clasificacion-cataleg","23":"acabado-mate","25":"first","26":"instock","27":"shipping-taxable","28":"purchasable","29":"product-type-variable"},"yoast_head":"<!-- This site is optimized with the Yoast SEO plugin v27.4 - https:\/\/yoast.com\/product\/yoast-seo-wordpress\/ -->\n<title>Chevron - Ceramix<\/title>\n<meta name=\"description\" content=\"La s\u00e8rie Chevron reinterpreta el cl\u00e0ssic disseny en espiga i aporta un dinamisme visual \u00fanic a qualsevol estan\u00e7a. Aquest porcell\u00e0nic combina la calidesa realista de la fusta amb la durabilitat extrema de la cer\u00e0mica, per la qual cosa \u00e9s ideal per als qui busquen un estil sofisticat i acollidor. \u00c9s perfecte per a ambients moderns o d&#039;inspiraci\u00f3 cl\u00e0ssica renovada.\" \/>\n<meta name=\"robots\" content=\"index, follow, max-snippet:-1, max-image-preview:large, max-video-preview:-1\" \/>\n<link rel=\"canonical\" href=\"https:\/\/ceramix.es\/ca\/producto\/chevron\/\" \/>\n<meta property=\"og:locale\" content=\"ca_ES\" \/>\n<meta property=\"og:type\" content=\"article\" \/>\n<meta property=\"og:title\" content=\"Chevron - Ceramix\" \/>\n<meta property=\"og:description\" content=\"La s\u00e8rie Chevron reinterpreta el cl\u00e0ssic disseny en espiga i aporta un dinamisme visual \u00fanic a qualsevol estan\u00e7a. Aquest porcell\u00e0nic combina la calidesa realista de la fusta amb la durabilitat extrema de la cer\u00e0mica, per la qual cosa \u00e9s ideal per als qui busquen un estil sofisticat i acollidor. \u00c9s perfecte per a ambients moderns o d&#039;inspiraci\u00f3 cl\u00e0ssica renovada.\" \/>\n<meta property=\"og:url\" content=\"https:\/\/ceramix.es\/ca\/producto\/chevron\/\" \/>\n<meta property=\"og:site_name\" content=\"Ceramix\" \/>\n<meta property=\"article:publisher\" content=\"https:\/\/www.facebook.com\/ceramix.sbd\" \/>\n<meta property=\"article:modified_time\" content=\"2026-04-23T09:26:38+00:00\" \/>\n<meta property=\"og:image\" content=\"https:\/\/ceramix.es\/wp-content\/uploads\/2026\/02\/ambiente-3.webp\" \/>\n\t<meta property=\"og:image:width\" content=\"2000\" \/>\n\t<meta property=\"og:image:height\" content=\"1500\" \/>\n\t<meta property=\"og:image:type\" content=\"image\/webp\" \/>\n<meta name=\"twitter:card\" content=\"summary_large_image\" \/>\n<script type=\"application\/ld+json\" class=\"yoast-schema-graph\">{\"@context\":\"https:\\\/\\\/schema.org\",\"@graph\":[{\"@type\":\"WebPage\",\"@id\":\"https:\\\/\\\/ceramix.es\\\/ca\\\/producto\\\/chevron\\\/\",\"url\":\"https:\\\/\\\/ceramix.es\\\/ca\\\/producto\\\/chevron\\\/\",\"name\":\"Chevron - Ceramix\",\"isPartOf\":{\"@id\":\"https:\\\/\\\/ceramix.es\\\/ca\\\/#website\"},\"primaryImageOfPage\":{\"@id\":\"https:\\\/\\\/ceramix.es\\\/ca\\\/producto\\\/chevron\\\/#primaryimage\"},\"image\":{\"@id\":\"https:\\\/\\\/ceramix.es\\\/ca\\\/producto\\\/chevron\\\/#primaryimage\"},\"thumbnailUrl\":\"https:\\\/\\\/ceramix.es\\\/wp-content\\\/uploads\\\/2026\\\/02\\\/ambiente-3.webp\",\"datePublished\":\"2026-02-05T09:54:58+00:00\",\"dateModified\":\"2026-04-23T09:26:38+00:00\",\"description\":\"La s\u00e8rie Chevron reinterpreta el cl\u00e0ssic disseny en espiga i aporta un dinamisme visual \u00fanic a qualsevol estan\u00e7a. Aquest porcell\u00e0nic combina la calidesa realista de la fusta amb la durabilitat extrema de la cer\u00e0mica, per la qual cosa \u00e9s ideal per als qui busquen un estil sofisticat i acollidor. \u00c9s perfecte per a ambients moderns o d'inspiraci\u00f3 cl\u00e0ssica renovada.\",\"breadcrumb\":{\"@id\":\"https:\\\/\\\/ceramix.es\\\/ca\\\/producto\\\/chevron\\\/#breadcrumb\"},\"inLanguage\":\"ca\",\"potentialAction\":[{\"@type\":\"ReadAction\",\"target\":[\"https:\\\/\\\/ceramix.es\\\/ca\\\/producto\\\/chevron\\\/\"]}]},{\"@type\":\"ImageObject\",\"inLanguage\":\"ca\",\"@id\":\"https:\\\/\\\/ceramix.es\\\/ca\\\/producto\\\/chevron\\\/#primaryimage\",\"url\":\"https:\\\/\\\/ceramix.es\\\/wp-content\\\/uploads\\\/2026\\\/02\\\/ambiente-3.webp\",\"contentUrl\":\"https:\\\/\\\/ceramix.es\\\/wp-content\\\/uploads\\\/2026\\\/02\\\/ambiente-3.webp\",\"width\":2000,\"height\":1500},{\"@type\":\"BreadcrumbList\",\"@id\":\"https:\\\/\\\/ceramix.es\\\/ca\\\/producto\\\/chevron\\\/#breadcrumb\",\"itemListElement\":[{\"@type\":\"ListItem\",\"position\":1,\"name\":\"Ceramix\",\"item\":\"https:\\\/\\\/ceramix.es\\\/ca\\\/ceramix\\\/\"},{\"@type\":\"ListItem\",\"position\":2,\"name\":\"Cat\u00e0leg de productes\",\"item\":\"https:\\\/\\\/ceramix.es\\\/ca\\\/cataleg-de-productes\\\/\"},{\"@type\":\"ListItem\",\"position\":3,\"name\":\"Paviments\",\"item\":\"https:\\\/\\\/ceramix.es\\\/ca\\\/categoria-producto\\\/paviments\\\/\"},{\"@type\":\"ListItem\",\"position\":4,\"name\":\"Chevron\"}]},{\"@type\":\"WebSite\",\"@id\":\"https:\\\/\\\/ceramix.es\\\/ca\\\/#website\",\"url\":\"https:\\\/\\\/ceramix.es\\\/ca\\\/\",\"name\":\"Ceramix\",\"description\":\"Cat\u00e1logo y stocks de gres porcel\u00e1nico e interiorismo.\",\"publisher\":{\"@id\":\"https:\\\/\\\/ceramix.es\\\/ca\\\/#organization\"},\"potentialAction\":[{\"@type\":\"SearchAction\",\"target\":{\"@type\":\"EntryPoint\",\"urlTemplate\":\"https:\\\/\\\/ceramix.es\\\/ca\\\/?s={search_term_string}\"},\"query-input\":{\"@type\":\"PropertyValueSpecification\",\"valueRequired\":true,\"valueName\":\"search_term_string\"}}],\"inLanguage\":\"ca\"},{\"@type\":\"Organization\",\"@id\":\"https:\\\/\\\/ceramix.es\\\/ca\\\/#organization\",\"name\":\"Ceramix\",\"url\":\"https:\\\/\\\/ceramix.es\\\/ca\\\/\",\"logo\":{\"@type\":\"ImageObject\",\"inLanguage\":\"ca\",\"@id\":\"https:\\\/\\\/ceramix.es\\\/ca\\\/#\\\/schema\\\/logo\\\/image\\\/\",\"url\":\"https:\\\/\\\/ceramix.es\\\/wp-content\\\/uploads\\\/2025\\\/09\\\/logo-ceramix.png\",\"contentUrl\":\"https:\\\/\\\/ceramix.es\\\/wp-content\\\/uploads\\\/2025\\\/09\\\/logo-ceramix.png\",\"width\":1200,\"height\":336,\"caption\":\"Ceramix\"},\"image\":{\"@id\":\"https:\\\/\\\/ceramix.es\\\/ca\\\/#\\\/schema\\\/logo\\\/image\\\/\"},\"sameAs\":[\"https:\\\/\\\/www.facebook.com\\\/ceramix.sbd\",\"https:\\\/\\\/www.instagram.com\\\/ceramix.sbd\"]}]}<\/script>\n<!-- \/ Yoast SEO plugin. -->","yoast_head_json":{"title":"Chevron - Ceramix","description":"La s\u00e8rie Chevron reinterpreta el cl\u00e0ssic disseny en espiga i aporta un dinamisme visual \u00fanic a qualsevol estan\u00e7a. Aquest porcell\u00e0nic combina la calidesa realista de la fusta amb la durabilitat extrema de la cer\u00e0mica, per la qual cosa \u00e9s ideal per als qui busquen un estil sofisticat i acollidor. \u00c9s perfecte per a ambients moderns o d'inspiraci\u00f3 cl\u00e0ssica renovada.","robots":{"index":"index","follow":"follow","max-snippet":"max-snippet:-1","max-image-preview":"max-image-preview:large","max-video-preview":"max-video-preview:-1"},"canonical":"https:\/\/ceramix.es\/ca\/producto\/chevron\/","og_locale":"ca_ES","og_type":"article","og_title":"Chevron - Ceramix","og_description":"La s\u00e8rie Chevron reinterpreta el cl\u00e0ssic disseny en espiga i aporta un dinamisme visual \u00fanic a qualsevol estan\u00e7a. Aquest porcell\u00e0nic combina la calidesa realista de la fusta amb la durabilitat extrema de la cer\u00e0mica, per la qual cosa \u00e9s ideal per als qui busquen un estil sofisticat i acollidor. \u00c9s perfecte per a ambients moderns o d'inspiraci\u00f3 cl\u00e0ssica renovada.","og_url":"https:\/\/ceramix.es\/ca\/producto\/chevron\/","og_site_name":"Ceramix","article_publisher":"https:\/\/www.facebook.com\/ceramix.sbd","article_modified_time":"2026-04-23T09:26:38+00:00","og_image":[{"width":2000,"height":1500,"url":"https:\/\/ceramix.es\/wp-content\/uploads\/2026\/02\/ambiente-3.webp","type":"image\/webp"}],"twitter_card":"summary_large_image","schema":{"@context":"https:\/\/schema.org","@graph":[{"@type":"WebPage","@id":"https:\/\/ceramix.es\/ca\/producto\/chevron\/","url":"https:\/\/ceramix.es\/ca\/producto\/chevron\/","name":"Chevron - Ceramix","isPartOf":{"@id":"https:\/\/ceramix.es\/ca\/#website"},"primaryImageOfPage":{"@id":"https:\/\/ceramix.es\/ca\/producto\/chevron\/#primaryimage"},"image":{"@id":"https:\/\/ceramix.es\/ca\/producto\/chevron\/#primaryimage"},"thumbnailUrl":"https:\/\/ceramix.es\/wp-content\/uploads\/2026\/02\/ambiente-3.webp","datePublished":"2026-02-05T09:54:58+00:00","dateModified":"2026-04-23T09:26:38+00:00","description":"La s\u00e8rie Chevron reinterpreta el cl\u00e0ssic disseny en espiga i aporta un dinamisme visual \u00fanic a qualsevol estan\u00e7a. Aquest porcell\u00e0nic combina la calidesa realista de la fusta amb la durabilitat extrema de la cer\u00e0mica, per la qual cosa \u00e9s ideal per als qui busquen un estil sofisticat i acollidor. \u00c9s perfecte per a ambients moderns o d'inspiraci\u00f3 cl\u00e0ssica renovada.","breadcrumb":{"@id":"https:\/\/ceramix.es\/ca\/producto\/chevron\/#breadcrumb"},"inLanguage":"ca","potentialAction":[{"@type":"ReadAction","target":["https:\/\/ceramix.es\/ca\/producto\/chevron\/"]}]},{"@type":"ImageObject","inLanguage":"ca","@id":"https:\/\/ceramix.es\/ca\/producto\/chevron\/#primaryimage","url":"https:\/\/ceramix.es\/wp-content\/uploads\/2026\/02\/ambiente-3.webp","contentUrl":"https:\/\/ceramix.es\/wp-content\/uploads\/2026\/02\/ambiente-3.webp","width":2000,"height":1500},{"@type":"BreadcrumbList","@id":"https:\/\/ceramix.es\/ca\/producto\/chevron\/#breadcrumb","itemListElement":[{"@type":"ListItem","position":1,"name":"Ceramix","item":"https:\/\/ceramix.es\/ca\/ceramix\/"},{"@type":"ListItem","position":2,"name":"Cat\u00e0leg de productes","item":"https:\/\/ceramix.es\/ca\/cataleg-de-productes\/"},{"@type":"ListItem","position":3,"name":"Paviments","item":"https:\/\/ceramix.es\/ca\/categoria-producto\/paviments\/"},{"@type":"ListItem","position":4,"name":"Chevron"}]},{"@type":"WebSite","@id":"https:\/\/ceramix.es\/ca\/#website","url":"https:\/\/ceramix.es\/ca\/","name":"Ceramix","description":"Cat\u00e1logo y stocks de gres porcel\u00e1nico e interiorismo.","publisher":{"@id":"https:\/\/ceramix.es\/ca\/#organization"},"potentialAction":[{"@type":"SearchAction","target":{"@type":"EntryPoint","urlTemplate":"https:\/\/ceramix.es\/ca\/?s={search_term_string}"},"query-input":{"@type":"PropertyValueSpecification","valueRequired":true,"valueName":"search_term_string"}}],"inLanguage":"ca"},{"@type":"Organization","@id":"https:\/\/ceramix.es\/ca\/#organization","name":"Ceramix","url":"https:\/\/ceramix.es\/ca\/","logo":{"@type":"ImageObject","inLanguage":"ca","@id":"https:\/\/ceramix.es\/ca\/#\/schema\/logo\/image\/","url":"https:\/\/ceramix.es\/wp-content\/uploads\/2025\/09\/logo-ceramix.png","contentUrl":"https:\/\/ceramix.es\/wp-content\/uploads\/2025\/09\/logo-ceramix.png","width":1200,"height":336,"caption":"Ceramix"},"image":{"@id":"https:\/\/ceramix.es\/ca\/#\/schema\/logo\/image\/"},"sameAs":["https:\/\/www.facebook.com\/ceramix.sbd","https:\/\/www.instagram.com\/ceramix.sbd"]}]}},"_links":{"self":[{"href":"https:\/\/ceramix.es\/ca\/wp-json\/wp\/v2\/product\/2334","targetHints":{"allow":["GET"]}}],"collection":[{"href":"https:\/\/ceramix.es\/ca\/wp-json\/wp\/v2\/product"}],"about":[{"href":"https:\/\/ceramix.es\/ca\/wp-json\/wp\/v2\/types\/product"}],"replies":[{"embeddable":true,"href":"https:\/\/ceramix.es\/ca\/wp-json\/wp\/v2\/comments?post=2334"}],"wp:featuredmedia":[{"embeddable":true,"href":"https:\/\/ceramix.es\/ca\/wp-json\/wp\/v2\/media\/2330"}],"wp:attachment":[{"href":"https:\/\/ceramix.es\/ca\/wp-json\/wp\/v2\/media?parent=2334"}],"wp:term":[{"taxonomy":"product_brand","embeddable":true,"href":"https:\/\/ceramix.es\/ca\/wp-json\/wp\/v2\/product_brand?post=2334"},{"taxonomy":"product_cat","embeddable":true,"href":"https:\/\/ceramix.es\/ca\/wp-json\/wp\/v2\/product_cat?post=2334"},{"taxonomy":"product_tag","embeddable":true,"href":"https:\/\/ceramix.es\/ca\/wp-json\/wp\/v2\/product_tag?post=2334"},{"taxonomy":"estilo-visual","embeddable":true,"href":"https:\/\/ceramix.es\/ca\/wp-json\/wp\/v2\/estilo-visual?post=2334"},{"taxonomy":"coleccion","embeddable":true,"href":"https:\/\/ceramix.es\/ca\/wp-json\/wp\/v2\/coleccion?post=2334"},{"taxonomy":"material","embeddable":true,"href":"https:\/\/ceramix.es\/ca\/wp-json\/wp\/v2\/material?post=2334"},{"taxonomy":"formato","embeddable":true,"href":"https:\/\/ceramix.es\/ca\/wp-json\/wp\/v2\/formato?post=2334"},{"taxonomy":"rectificado","embeddable":true,"href":"https:\/\/ceramix.es\/ca\/wp-json\/wp\/v2\/rectificado?post=2334"},{"taxonomy":"antideslizante","embeddable":true,"href":"https:\/\/ceramix.es\/ca\/wp-json\/wp\/v2\/antideslizante?post=2334"},{"taxonomy":"calidad","embeddable":true,"href":"https:\/\/ceramix.es\/ca\/wp-json\/wp\/v2\/calidad?post=2334"},{"taxonomy":"uso","embeddable":true,"href":"https:\/\/ceramix.es\/ca\/wp-json\/wp\/v2\/uso?post=2334"},{"taxonomy":"color","embeddable":true,"href":"https:\/\/ceramix.es\/ca\/wp-json\/wp\/v2\/color?post=2334"},{"taxonomy":"clasificacion","embeddable":true,"href":"https:\/\/ceramix.es\/ca\/wp-json\/wp\/v2\/clasificacion?post=2334"},{"taxonomy":"acabado","embeddable":true,"href":"https:\/\/ceramix.es\/ca\/wp-json\/wp\/v2\/acabado?post=2334"},{"taxonomy":"etiqueta-destacada","embeddable":true,"href":"https:\/\/ceramix.es\/ca\/wp-json\/wp\/v2\/etiqueta-destacada?post=2334"}],"curies":[{"name":"wp","href":"https:\/\/api.w.org\/{rel}","templated":true}]}}