{"id":2314,"date":"2026-02-05T10:31:22","date_gmt":"2026-02-05T09:31:22","guid":{"rendered":"https:\/\/ceramix.es\/producto\/tecno-neutro\/"},"modified":"2026-03-04T12:26:38","modified_gmt":"2026-03-04T11:26:38","slug":"tecno-neutro","status":"publish","type":"product","link":"https:\/\/ceramix.es\/ca\/producto\/tecno-neutro\/","title":{"rendered":"Tecno Neutro"},"content":{"rendered":"<p>El Tecno Neutro \u00e9s un material de to blanc trencat, ideal per al revestiment de zones on es busca aportar un ambient clar i net sense la necessitat de rec\u00f3rrer a blancs m\u00e9s vius. El seu \u00fas \u00e9s especialment adequat per a banys o cuines. <\/p>\n<p>&nbsp;<\/p>\n","protected":false},"excerpt":{"rendered":"<p>El Tecno Neutro \u00e9s un material de to blanc trencat, ideal per al revestiment de zones on es busca aportar un ambient clar i net sense la necessitat de rec\u00f3rrer a blancs m\u00e9s vius. El seu \u00fas \u00e9s especialment adequat per a banys o cuines. <\/p>\n","protected":false},"featured_media":3466,"comment_status":"open","ping_status":"closed","template":"","meta":[],"product_brand":[],"product_cat":[127],"product_tag":[],"estilo-visual":[196],"coleccion":[],"material":[211],"formato":[],"rectificado":[33],"antideslizante":[214],"calidad":[35],"uso":[128,130],"color":[243],"clasificacion":[190],"acabado":[117],"etiqueta-destacada":[164,165],"class_list":{"0":"post-2314","1":"product","2":"type-product","3":"status-publish","4":"has-post-thumbnail","6":"product_cat-revestiments","7":"estilo-visual-monocolor","8":"material-pasta-blanca","9":"rectificado-si","10":"antideslizante-no","11":"calidad-1a","12":"uso-interior","13":"uso-paret","14":"color-blanc-neutre","15":"clasificacion-disponibilitat-immediata","16":"acabado-mate","17":"etiqueta-destacada-oferta","18":"etiqueta-destacada-ultimes-unitats","20":"first","21":"instock","22":"sale","23":"shipping-taxable","24":"purchasable","25":"product-type-simple"},"yoast_head":"<!-- This site is optimized with the Yoast SEO plugin v27.4 - https:\/\/yoast.com\/product\/yoast-seo-wordpress\/ -->\n<title>Tecno Neutro - Ceramix<\/title>\n<meta name=\"description\" content=\"El Tecno Neutro \u00e9s un material de to blanc trencat, ideal per al revestiment de zones on es busca aportar un ambient clar i net sense la necessitat de rec\u00f3rrer a blancs m\u00e9s vius. El seu \u00fas \u00e9s especialment adequat per a banys o cuines.\" \/>\n<meta name=\"robots\" content=\"index, follow, max-snippet:-1, max-image-preview:large, max-video-preview:-1\" \/>\n<link rel=\"canonical\" href=\"https:\/\/ceramix.es\/ca\/producto\/tecno-neutro\/\" \/>\n<meta property=\"og:locale\" content=\"ca_ES\" \/>\n<meta property=\"og:type\" content=\"article\" \/>\n<meta property=\"og:title\" content=\"Tecno Neutro - Ceramix\" \/>\n<meta property=\"og:description\" content=\"El Tecno Neutro \u00e9s un material de to blanc trencat, ideal per al revestiment de zones on es busca aportar un ambient clar i net sense la necessitat de rec\u00f3rrer a blancs m\u00e9s vius. El seu \u00fas \u00e9s especialment adequat per a banys o cuines.\" \/>\n<meta property=\"og:url\" content=\"https:\/\/ceramix.es\/ca\/producto\/tecno-neutro\/\" \/>\n<meta property=\"og:site_name\" content=\"Ceramix\" \/>\n<meta property=\"article:publisher\" content=\"https:\/\/www.facebook.com\/ceramix.sbd\" \/>\n<meta property=\"article:modified_time\" content=\"2026-03-04T11:26:38+00:00\" \/>\n<meta property=\"og:image\" content=\"https:\/\/ceramix.es\/wp-content\/uploads\/2026\/02\/ambiente-25-1024x1024.png\" \/>\n\t<meta property=\"og:image:width\" content=\"1024\" \/>\n\t<meta property=\"og:image:height\" content=\"1024\" \/>\n\t<meta property=\"og:image:type\" content=\"image\/png\" \/>\n<meta name=\"twitter:card\" content=\"summary_large_image\" \/>\n<script type=\"application\/ld+json\" class=\"yoast-schema-graph\">{\"@context\":\"https:\\\/\\\/schema.org\",\"@graph\":[{\"@type\":\"WebPage\",\"@id\":\"https:\\\/\\\/ceramix.es\\\/ca\\\/producto\\\/tecno-neutro\\\/\",\"url\":\"https:\\\/\\\/ceramix.es\\\/ca\\\/producto\\\/tecno-neutro\\\/\",\"name\":\"Tecno Neutro - Ceramix\",\"isPartOf\":{\"@id\":\"https:\\\/\\\/ceramix.es\\\/ca\\\/#website\"},\"primaryImageOfPage\":{\"@id\":\"https:\\\/\\\/ceramix.es\\\/ca\\\/producto\\\/tecno-neutro\\\/#primaryimage\"},\"image\":{\"@id\":\"https:\\\/\\\/ceramix.es\\\/ca\\\/producto\\\/tecno-neutro\\\/#primaryimage\"},\"thumbnailUrl\":\"https:\\\/\\\/ceramix.es\\\/wp-content\\\/uploads\\\/2026\\\/04\\\/Tecno-neutro.webp\",\"datePublished\":\"2026-02-05T09:31:22+00:00\",\"dateModified\":\"2026-03-04T11:26:38+00:00\",\"description\":\"El Tecno Neutro \u00e9s un material de to blanc trencat, ideal per al revestiment de zones on es busca aportar un ambient clar i net sense la necessitat de rec\u00f3rrer a blancs m\u00e9s vius. El seu \u00fas \u00e9s especialment adequat per a banys o cuines.\",\"breadcrumb\":{\"@id\":\"https:\\\/\\\/ceramix.es\\\/ca\\\/producto\\\/tecno-neutro\\\/#breadcrumb\"},\"inLanguage\":\"ca\",\"potentialAction\":[{\"@type\":\"ReadAction\",\"target\":[\"https:\\\/\\\/ceramix.es\\\/ca\\\/producto\\\/tecno-neutro\\\/\"]}]},{\"@type\":\"ImageObject\",\"inLanguage\":\"ca\",\"@id\":\"https:\\\/\\\/ceramix.es\\\/ca\\\/producto\\\/tecno-neutro\\\/#primaryimage\",\"url\":\"https:\\\/\\\/ceramix.es\\\/wp-content\\\/uploads\\\/2026\\\/04\\\/Tecno-neutro.webp\",\"contentUrl\":\"https:\\\/\\\/ceramix.es\\\/wp-content\\\/uploads\\\/2026\\\/04\\\/Tecno-neutro.webp\",\"width\":1920,\"height\":1920},{\"@type\":\"BreadcrumbList\",\"@id\":\"https:\\\/\\\/ceramix.es\\\/ca\\\/producto\\\/tecno-neutro\\\/#breadcrumb\",\"itemListElement\":[{\"@type\":\"ListItem\",\"position\":1,\"name\":\"Ceramix\",\"item\":\"https:\\\/\\\/ceramix.es\\\/ca\\\/ceramix\\\/\"},{\"@type\":\"ListItem\",\"position\":2,\"name\":\"Cat\u00e0leg de productes\",\"item\":\"https:\\\/\\\/ceramix.es\\\/ca\\\/cataleg-de-productes\\\/\"},{\"@type\":\"ListItem\",\"position\":3,\"name\":\"Revestiments\",\"item\":\"https:\\\/\\\/ceramix.es\\\/ca\\\/categoria-producto\\\/revestiments\\\/\"},{\"@type\":\"ListItem\",\"position\":4,\"name\":\"Tecno Neutro\"}]},{\"@type\":\"WebSite\",\"@id\":\"https:\\\/\\\/ceramix.es\\\/ca\\\/#website\",\"url\":\"https:\\\/\\\/ceramix.es\\\/ca\\\/\",\"name\":\"Ceramix\",\"description\":\"Cat\u00e1logo y stocks de gres porcel\u00e1nico e interiorismo.\",\"publisher\":{\"@id\":\"https:\\\/\\\/ceramix.es\\\/ca\\\/#organization\"},\"potentialAction\":[{\"@type\":\"SearchAction\",\"target\":{\"@type\":\"EntryPoint\",\"urlTemplate\":\"https:\\\/\\\/ceramix.es\\\/ca\\\/?s={search_term_string}\"},\"query-input\":{\"@type\":\"PropertyValueSpecification\",\"valueRequired\":true,\"valueName\":\"search_term_string\"}}],\"inLanguage\":\"ca\"},{\"@type\":\"Organization\",\"@id\":\"https:\\\/\\\/ceramix.es\\\/ca\\\/#organization\",\"name\":\"Ceramix\",\"url\":\"https:\\\/\\\/ceramix.es\\\/ca\\\/\",\"logo\":{\"@type\":\"ImageObject\",\"inLanguage\":\"ca\",\"@id\":\"https:\\\/\\\/ceramix.es\\\/ca\\\/#\\\/schema\\\/logo\\\/image\\\/\",\"url\":\"https:\\\/\\\/ceramix.es\\\/wp-content\\\/uploads\\\/2025\\\/09\\\/logo-ceramix.png\",\"contentUrl\":\"https:\\\/\\\/ceramix.es\\\/wp-content\\\/uploads\\\/2025\\\/09\\\/logo-ceramix.png\",\"width\":1200,\"height\":336,\"caption\":\"Ceramix\"},\"image\":{\"@id\":\"https:\\\/\\\/ceramix.es\\\/ca\\\/#\\\/schema\\\/logo\\\/image\\\/\"},\"sameAs\":[\"https:\\\/\\\/www.facebook.com\\\/ceramix.sbd\",\"https:\\\/\\\/www.instagram.com\\\/ceramix.sbd\"]}]}<\/script>\n<!-- \/ Yoast SEO plugin. -->","yoast_head_json":{"title":"Tecno Neutro - Ceramix","description":"El Tecno Neutro \u00e9s un material de to blanc trencat, ideal per al revestiment de zones on es busca aportar un ambient clar i net sense la necessitat de rec\u00f3rrer a blancs m\u00e9s vius. El seu \u00fas \u00e9s especialment adequat per a banys o cuines.","robots":{"index":"index","follow":"follow","max-snippet":"max-snippet:-1","max-image-preview":"max-image-preview:large","max-video-preview":"max-video-preview:-1"},"canonical":"https:\/\/ceramix.es\/ca\/producto\/tecno-neutro\/","og_locale":"ca_ES","og_type":"article","og_title":"Tecno Neutro - Ceramix","og_description":"El Tecno Neutro \u00e9s un material de to blanc trencat, ideal per al revestiment de zones on es busca aportar un ambient clar i net sense la necessitat de rec\u00f3rrer a blancs m\u00e9s vius. El seu \u00fas \u00e9s especialment adequat per a banys o cuines.","og_url":"https:\/\/ceramix.es\/ca\/producto\/tecno-neutro\/","og_site_name":"Ceramix","article_publisher":"https:\/\/www.facebook.com\/ceramix.sbd","article_modified_time":"2026-03-04T11:26:38+00:00","og_image":[{"width":1024,"height":1024,"url":"https:\/\/ceramix.es\/wp-content\/uploads\/2026\/02\/ambiente-25-1024x1024.png","type":"image\/png"}],"twitter_card":"summary_large_image","schema":{"@context":"https:\/\/schema.org","@graph":[{"@type":"WebPage","@id":"https:\/\/ceramix.es\/ca\/producto\/tecno-neutro\/","url":"https:\/\/ceramix.es\/ca\/producto\/tecno-neutro\/","name":"Tecno Neutro - Ceramix","isPartOf":{"@id":"https:\/\/ceramix.es\/ca\/#website"},"primaryImageOfPage":{"@id":"https:\/\/ceramix.es\/ca\/producto\/tecno-neutro\/#primaryimage"},"image":{"@id":"https:\/\/ceramix.es\/ca\/producto\/tecno-neutro\/#primaryimage"},"thumbnailUrl":"https:\/\/ceramix.es\/wp-content\/uploads\/2026\/04\/Tecno-neutro.webp","datePublished":"2026-02-05T09:31:22+00:00","dateModified":"2026-03-04T11:26:38+00:00","description":"El Tecno Neutro \u00e9s un material de to blanc trencat, ideal per al revestiment de zones on es busca aportar un ambient clar i net sense la necessitat de rec\u00f3rrer a blancs m\u00e9s vius. El seu \u00fas \u00e9s especialment adequat per a banys o cuines.","breadcrumb":{"@id":"https:\/\/ceramix.es\/ca\/producto\/tecno-neutro\/#breadcrumb"},"inLanguage":"ca","potentialAction":[{"@type":"ReadAction","target":["https:\/\/ceramix.es\/ca\/producto\/tecno-neutro\/"]}]},{"@type":"ImageObject","inLanguage":"ca","@id":"https:\/\/ceramix.es\/ca\/producto\/tecno-neutro\/#primaryimage","url":"https:\/\/ceramix.es\/wp-content\/uploads\/2026\/04\/Tecno-neutro.webp","contentUrl":"https:\/\/ceramix.es\/wp-content\/uploads\/2026\/04\/Tecno-neutro.webp","width":1920,"height":1920},{"@type":"BreadcrumbList","@id":"https:\/\/ceramix.es\/ca\/producto\/tecno-neutro\/#breadcrumb","itemListElement":[{"@type":"ListItem","position":1,"name":"Ceramix","item":"https:\/\/ceramix.es\/ca\/ceramix\/"},{"@type":"ListItem","position":2,"name":"Cat\u00e0leg de productes","item":"https:\/\/ceramix.es\/ca\/cataleg-de-productes\/"},{"@type":"ListItem","position":3,"name":"Revestiments","item":"https:\/\/ceramix.es\/ca\/categoria-producto\/revestiments\/"},{"@type":"ListItem","position":4,"name":"Tecno Neutro"}]},{"@type":"WebSite","@id":"https:\/\/ceramix.es\/ca\/#website","url":"https:\/\/ceramix.es\/ca\/","name":"Ceramix","description":"Cat\u00e1logo y stocks de gres porcel\u00e1nico e interiorismo.","publisher":{"@id":"https:\/\/ceramix.es\/ca\/#organization"},"potentialAction":[{"@type":"SearchAction","target":{"@type":"EntryPoint","urlTemplate":"https:\/\/ceramix.es\/ca\/?s={search_term_string}"},"query-input":{"@type":"PropertyValueSpecification","valueRequired":true,"valueName":"search_term_string"}}],"inLanguage":"ca"},{"@type":"Organization","@id":"https:\/\/ceramix.es\/ca\/#organization","name":"Ceramix","url":"https:\/\/ceramix.es\/ca\/","logo":{"@type":"ImageObject","inLanguage":"ca","@id":"https:\/\/ceramix.es\/ca\/#\/schema\/logo\/image\/","url":"https:\/\/ceramix.es\/wp-content\/uploads\/2025\/09\/logo-ceramix.png","contentUrl":"https:\/\/ceramix.es\/wp-content\/uploads\/2025\/09\/logo-ceramix.png","width":1200,"height":336,"caption":"Ceramix"},"image":{"@id":"https:\/\/ceramix.es\/ca\/#\/schema\/logo\/image\/"},"sameAs":["https:\/\/www.facebook.com\/ceramix.sbd","https:\/\/www.instagram.com\/ceramix.sbd"]}]}},"_links":{"self":[{"href":"https:\/\/ceramix.es\/ca\/wp-json\/wp\/v2\/product\/2314","targetHints":{"allow":["GET"]}}],"collection":[{"href":"https:\/\/ceramix.es\/ca\/wp-json\/wp\/v2\/product"}],"about":[{"href":"https:\/\/ceramix.es\/ca\/wp-json\/wp\/v2\/types\/product"}],"replies":[{"embeddable":true,"href":"https:\/\/ceramix.es\/ca\/wp-json\/wp\/v2\/comments?post=2314"}],"wp:featuredmedia":[{"embeddable":true,"href":"https:\/\/ceramix.es\/ca\/wp-json\/wp\/v2\/media\/3466"}],"wp:attachment":[{"href":"https:\/\/ceramix.es\/ca\/wp-json\/wp\/v2\/media?parent=2314"}],"wp:term":[{"taxonomy":"product_brand","embeddable":true,"href":"https:\/\/ceramix.es\/ca\/wp-json\/wp\/v2\/product_brand?post=2314"},{"taxonomy":"product_cat","embeddable":true,"href":"https:\/\/ceramix.es\/ca\/wp-json\/wp\/v2\/product_cat?post=2314"},{"taxonomy":"product_tag","embeddable":true,"href":"https:\/\/ceramix.es\/ca\/wp-json\/wp\/v2\/product_tag?post=2314"},{"taxonomy":"estilo-visual","embeddable":true,"href":"https:\/\/ceramix.es\/ca\/wp-json\/wp\/v2\/estilo-visual?post=2314"},{"taxonomy":"coleccion","embeddable":true,"href":"https:\/\/ceramix.es\/ca\/wp-json\/wp\/v2\/coleccion?post=2314"},{"taxonomy":"material","embeddable":true,"href":"https:\/\/ceramix.es\/ca\/wp-json\/wp\/v2\/material?post=2314"},{"taxonomy":"formato","embeddable":true,"href":"https:\/\/ceramix.es\/ca\/wp-json\/wp\/v2\/formato?post=2314"},{"taxonomy":"rectificado","embeddable":true,"href":"https:\/\/ceramix.es\/ca\/wp-json\/wp\/v2\/rectificado?post=2314"},{"taxonomy":"antideslizante","embeddable":true,"href":"https:\/\/ceramix.es\/ca\/wp-json\/wp\/v2\/antideslizante?post=2314"},{"taxonomy":"calidad","embeddable":true,"href":"https:\/\/ceramix.es\/ca\/wp-json\/wp\/v2\/calidad?post=2314"},{"taxonomy":"uso","embeddable":true,"href":"https:\/\/ceramix.es\/ca\/wp-json\/wp\/v2\/uso?post=2314"},{"taxonomy":"color","embeddable":true,"href":"https:\/\/ceramix.es\/ca\/wp-json\/wp\/v2\/color?post=2314"},{"taxonomy":"clasificacion","embeddable":true,"href":"https:\/\/ceramix.es\/ca\/wp-json\/wp\/v2\/clasificacion?post=2314"},{"taxonomy":"acabado","embeddable":true,"href":"https:\/\/ceramix.es\/ca\/wp-json\/wp\/v2\/acabado?post=2314"},{"taxonomy":"etiqueta-destacada","embeddable":true,"href":"https:\/\/ceramix.es\/ca\/wp-json\/wp\/v2\/etiqueta-destacada?post=2314"}],"curies":[{"name":"wp","href":"https:\/\/api.w.org\/{rel}","templated":true}]}}