{"id":2192,"date":"2026-02-04T18:45:10","date_gmt":"2026-02-04T17:45:10","guid":{"rendered":"https:\/\/ceramix.es\/producto\/kai-pearl\/"},"modified":"2026-03-04T18:12:05","modified_gmt":"2026-03-04T17:12:05","slug":"kai-pearl","status":"publish","type":"product","link":"https:\/\/ceramix.es\/ca\/producto\/kai-pearl\/","title":{"rendered":"Kai Pearl"},"content":{"rendered":"<p>La col\u00b7lecci\u00f3 Kai ofereix una aparen\u00e7a org\u00e0nica i aut\u00e8ntica gr\u00e0cies al seu disseny, que imita fidelment la bellesa de la pedra natural. A m\u00e9s, el seu acabat mat li atorga un to d&#8217;eleg\u00e0ncia i sofisticaci\u00f3, fet que la converteix en l&#8217;elecci\u00f3 ideal per a qualsevol estil de decoraci\u00f3. <\/p>\n","protected":false},"excerpt":{"rendered":"<p>La colecci\u00f3n Kai ofrece una apariencia org\u00e1nica y aut\u00e9ntica gracias a su dise\u00f1o, que imita fielmente la belleza de la piedra natural. Adem\u00e1s, su acabado mate le otorga un toque de elegancia y sofisticaci\u00f3n, lo que la convierte en la elecci\u00f3n ideal para cualquier estilo de decoraci\u00f3n. <\/p>\n","protected":false},"featured_media":2190,"comment_status":"open","ping_status":"closed","template":"","meta":[],"product_brand":[],"product_cat":[126,127],"product_tag":[],"estilo-visual":[170],"coleccion":[],"material":[125],"formato":[],"rectificado":[],"antideslizante":[],"calidad":[],"uso":[129,128,130,131],"color":[140],"clasificacion":[190],"acabado":[117],"etiqueta-destacada":[465,223,164,165],"class_list":{"0":"post-2192","1":"product","2":"type-product","3":"status-publish","4":"has-post-thumbnail","6":"product_cat-paviments","7":"product_cat-revestiments","8":"estilo-visual-pedra","9":"material-porcellanic","10":"uso-exterior","11":"uso-interior","12":"uso-paret","13":"uso-terra","14":"color-perla","15":"clasificacion-disponibilitat-immediata","16":"acabado-mate","17":"etiqueta-destacada-venut","18":"etiqueta-destacada-indivisible","19":"etiqueta-destacada-oferta","20":"etiqueta-destacada-ultimes-unitats","22":"first","23":"instock","24":"sale","25":"shipping-taxable","26":"purchasable","27":"product-type-simple"},"yoast_head":"<!-- This site is optimized with the Yoast SEO plugin v27.4 - https:\/\/yoast.com\/product\/yoast-seo-wordpress\/ -->\n<title>Kai Pearl - Ceramix<\/title>\n<meta name=\"description\" content=\"La colecci\u00f3n Kai ofrece una apariencia org\u00e1nica y aut\u00e9ntica gracias a su dise\u00f1o, que imita fielmente la belleza de la piedra natural. Adem\u00e1s, su acabado mate le otorga un toque de elegancia y sofisticaci\u00f3n, lo que la convierte en la elecci\u00f3n ideal para cualquier estilo de decoraci\u00f3n.\" \/>\n<meta name=\"robots\" content=\"index, follow, max-snippet:-1, max-image-preview:large, max-video-preview:-1\" \/>\n<link rel=\"canonical\" href=\"https:\/\/ceramix.es\/ca\/producto\/kai-pearl\/\" \/>\n<meta property=\"og:locale\" content=\"ca_ES\" \/>\n<meta property=\"og:type\" content=\"article\" \/>\n<meta property=\"og:title\" content=\"Kai Pearl - Ceramix\" \/>\n<meta property=\"og:description\" content=\"La colecci\u00f3n Kai ofrece una apariencia org\u00e1nica y aut\u00e9ntica gracias a su dise\u00f1o, que imita fielmente la belleza de la piedra natural. Adem\u00e1s, su acabado mate le otorga un toque de elegancia y sofisticaci\u00f3n, lo que la convierte en la elecci\u00f3n ideal para cualquier estilo de decoraci\u00f3n.\" \/>\n<meta property=\"og:url\" content=\"https:\/\/ceramix.es\/ca\/producto\/kai-pearl\/\" \/>\n<meta property=\"og:site_name\" content=\"Ceramix\" \/>\n<meta property=\"article:publisher\" content=\"https:\/\/www.facebook.com\/ceramix.sbd\" \/>\n<meta property=\"article:modified_time\" content=\"2026-03-04T17:12:05+00:00\" \/>\n<meta property=\"og:image\" content=\"https:\/\/ceramix.es\/wp-content\/uploads\/2026\/02\/ambiente-15-1024x572.png\" \/>\n\t<meta property=\"og:image:width\" content=\"1024\" \/>\n\t<meta property=\"og:image:height\" content=\"572\" \/>\n\t<meta property=\"og:image:type\" content=\"image\/png\" \/>\n<meta name=\"twitter:card\" content=\"summary_large_image\" \/>\n<script type=\"application\/ld+json\" class=\"yoast-schema-graph\">{\"@context\":\"https:\\\/\\\/schema.org\",\"@graph\":[{\"@type\":\"WebPage\",\"@id\":\"https:\\\/\\\/ceramix.es\\\/ca\\\/producto\\\/kai-pearl\\\/\",\"url\":\"https:\\\/\\\/ceramix.es\\\/ca\\\/producto\\\/kai-pearl\\\/\",\"name\":\"Kai Pearl - Ceramix\",\"isPartOf\":{\"@id\":\"https:\\\/\\\/ceramix.es\\\/ca\\\/#website\"},\"primaryImageOfPage\":{\"@id\":\"https:\\\/\\\/ceramix.es\\\/ca\\\/producto\\\/kai-pearl\\\/#primaryimage\"},\"image\":{\"@id\":\"https:\\\/\\\/ceramix.es\\\/ca\\\/producto\\\/kai-pearl\\\/#primaryimage\"},\"thumbnailUrl\":\"https:\\\/\\\/ceramix.es\\\/wp-content\\\/uploads\\\/2026\\\/02\\\/ambiente-15-scaled.webp\",\"datePublished\":\"2026-02-04T17:45:10+00:00\",\"dateModified\":\"2026-03-04T17:12:05+00:00\",\"description\":\"La colecci\u00f3n Kai ofrece una apariencia org\u00e1nica y aut\u00e9ntica gracias a su dise\u00f1o, que imita fielmente la belleza de la piedra natural. Adem\u00e1s, su acabado mate le otorga un toque de elegancia y sofisticaci\u00f3n, lo que la convierte en la elecci\u00f3n ideal para cualquier estilo de decoraci\u00f3n.\",\"breadcrumb\":{\"@id\":\"https:\\\/\\\/ceramix.es\\\/ca\\\/producto\\\/kai-pearl\\\/#breadcrumb\"},\"inLanguage\":\"ca\",\"potentialAction\":[{\"@type\":\"ReadAction\",\"target\":[\"https:\\\/\\\/ceramix.es\\\/ca\\\/producto\\\/kai-pearl\\\/\"]}]},{\"@type\":\"ImageObject\",\"inLanguage\":\"ca\",\"@id\":\"https:\\\/\\\/ceramix.es\\\/ca\\\/producto\\\/kai-pearl\\\/#primaryimage\",\"url\":\"https:\\\/\\\/ceramix.es\\\/wp-content\\\/uploads\\\/2026\\\/02\\\/ambiente-15-scaled.webp\",\"contentUrl\":\"https:\\\/\\\/ceramix.es\\\/wp-content\\\/uploads\\\/2026\\\/02\\\/ambiente-15-scaled.webp\",\"width\":2560,\"height\":1429},{\"@type\":\"BreadcrumbList\",\"@id\":\"https:\\\/\\\/ceramix.es\\\/ca\\\/producto\\\/kai-pearl\\\/#breadcrumb\",\"itemListElement\":[{\"@type\":\"ListItem\",\"position\":1,\"name\":\"Ceramix\",\"item\":\"https:\\\/\\\/ceramix.es\\\/ca\\\/ceramix\\\/\"},{\"@type\":\"ListItem\",\"position\":2,\"name\":\"Cat\u00e0leg de productes\",\"item\":\"https:\\\/\\\/ceramix.es\\\/ca\\\/cataleg-de-productes\\\/\"},{\"@type\":\"ListItem\",\"position\":3,\"name\":\"Paviments\",\"item\":\"https:\\\/\\\/ceramix.es\\\/ca\\\/categoria-producto\\\/paviments\\\/\"},{\"@type\":\"ListItem\",\"position\":4,\"name\":\"Kai Pearl\"}]},{\"@type\":\"WebSite\",\"@id\":\"https:\\\/\\\/ceramix.es\\\/ca\\\/#website\",\"url\":\"https:\\\/\\\/ceramix.es\\\/ca\\\/\",\"name\":\"Ceramix\",\"description\":\"Cat\u00e1logo y stocks de gres porcel\u00e1nico e interiorismo.\",\"publisher\":{\"@id\":\"https:\\\/\\\/ceramix.es\\\/ca\\\/#organization\"},\"potentialAction\":[{\"@type\":\"SearchAction\",\"target\":{\"@type\":\"EntryPoint\",\"urlTemplate\":\"https:\\\/\\\/ceramix.es\\\/ca\\\/?s={search_term_string}\"},\"query-input\":{\"@type\":\"PropertyValueSpecification\",\"valueRequired\":true,\"valueName\":\"search_term_string\"}}],\"inLanguage\":\"ca\"},{\"@type\":\"Organization\",\"@id\":\"https:\\\/\\\/ceramix.es\\\/ca\\\/#organization\",\"name\":\"Ceramix\",\"url\":\"https:\\\/\\\/ceramix.es\\\/ca\\\/\",\"logo\":{\"@type\":\"ImageObject\",\"inLanguage\":\"ca\",\"@id\":\"https:\\\/\\\/ceramix.es\\\/ca\\\/#\\\/schema\\\/logo\\\/image\\\/\",\"url\":\"https:\\\/\\\/ceramix.es\\\/wp-content\\\/uploads\\\/2025\\\/09\\\/logo-ceramix.png\",\"contentUrl\":\"https:\\\/\\\/ceramix.es\\\/wp-content\\\/uploads\\\/2025\\\/09\\\/logo-ceramix.png\",\"width\":1200,\"height\":336,\"caption\":\"Ceramix\"},\"image\":{\"@id\":\"https:\\\/\\\/ceramix.es\\\/ca\\\/#\\\/schema\\\/logo\\\/image\\\/\"},\"sameAs\":[\"https:\\\/\\\/www.facebook.com\\\/ceramix.sbd\",\"https:\\\/\\\/www.instagram.com\\\/ceramix.sbd\"]}]}<\/script>\n<!-- \/ Yoast SEO plugin. -->","yoast_head_json":{"title":"Kai Pearl - Ceramix","description":"La colecci\u00f3n Kai ofrece una apariencia org\u00e1nica y aut\u00e9ntica gracias a su dise\u00f1o, que imita fielmente la belleza de la piedra natural. Adem\u00e1s, su acabado mate le otorga un toque de elegancia y sofisticaci\u00f3n, lo que la convierte en la elecci\u00f3n ideal para cualquier estilo de decoraci\u00f3n.","robots":{"index":"index","follow":"follow","max-snippet":"max-snippet:-1","max-image-preview":"max-image-preview:large","max-video-preview":"max-video-preview:-1"},"canonical":"https:\/\/ceramix.es\/ca\/producto\/kai-pearl\/","og_locale":"ca_ES","og_type":"article","og_title":"Kai Pearl - Ceramix","og_description":"La colecci\u00f3n Kai ofrece una apariencia org\u00e1nica y aut\u00e9ntica gracias a su dise\u00f1o, que imita fielmente la belleza de la piedra natural. Adem\u00e1s, su acabado mate le otorga un toque de elegancia y sofisticaci\u00f3n, lo que la convierte en la elecci\u00f3n ideal para cualquier estilo de decoraci\u00f3n.","og_url":"https:\/\/ceramix.es\/ca\/producto\/kai-pearl\/","og_site_name":"Ceramix","article_publisher":"https:\/\/www.facebook.com\/ceramix.sbd","article_modified_time":"2026-03-04T17:12:05+00:00","og_image":[{"width":1024,"height":572,"url":"https:\/\/ceramix.es\/wp-content\/uploads\/2026\/02\/ambiente-15-1024x572.png","type":"image\/png"}],"twitter_card":"summary_large_image","schema":{"@context":"https:\/\/schema.org","@graph":[{"@type":"WebPage","@id":"https:\/\/ceramix.es\/ca\/producto\/kai-pearl\/","url":"https:\/\/ceramix.es\/ca\/producto\/kai-pearl\/","name":"Kai Pearl - Ceramix","isPartOf":{"@id":"https:\/\/ceramix.es\/ca\/#website"},"primaryImageOfPage":{"@id":"https:\/\/ceramix.es\/ca\/producto\/kai-pearl\/#primaryimage"},"image":{"@id":"https:\/\/ceramix.es\/ca\/producto\/kai-pearl\/#primaryimage"},"thumbnailUrl":"https:\/\/ceramix.es\/wp-content\/uploads\/2026\/02\/ambiente-15-scaled.webp","datePublished":"2026-02-04T17:45:10+00:00","dateModified":"2026-03-04T17:12:05+00:00","description":"La colecci\u00f3n Kai ofrece una apariencia org\u00e1nica y aut\u00e9ntica gracias a su dise\u00f1o, que imita fielmente la belleza de la piedra natural. Adem\u00e1s, su acabado mate le otorga un toque de elegancia y sofisticaci\u00f3n, lo que la convierte en la elecci\u00f3n ideal para cualquier estilo de decoraci\u00f3n.","breadcrumb":{"@id":"https:\/\/ceramix.es\/ca\/producto\/kai-pearl\/#breadcrumb"},"inLanguage":"ca","potentialAction":[{"@type":"ReadAction","target":["https:\/\/ceramix.es\/ca\/producto\/kai-pearl\/"]}]},{"@type":"ImageObject","inLanguage":"ca","@id":"https:\/\/ceramix.es\/ca\/producto\/kai-pearl\/#primaryimage","url":"https:\/\/ceramix.es\/wp-content\/uploads\/2026\/02\/ambiente-15-scaled.webp","contentUrl":"https:\/\/ceramix.es\/wp-content\/uploads\/2026\/02\/ambiente-15-scaled.webp","width":2560,"height":1429},{"@type":"BreadcrumbList","@id":"https:\/\/ceramix.es\/ca\/producto\/kai-pearl\/#breadcrumb","itemListElement":[{"@type":"ListItem","position":1,"name":"Ceramix","item":"https:\/\/ceramix.es\/ca\/ceramix\/"},{"@type":"ListItem","position":2,"name":"Cat\u00e0leg de productes","item":"https:\/\/ceramix.es\/ca\/cataleg-de-productes\/"},{"@type":"ListItem","position":3,"name":"Paviments","item":"https:\/\/ceramix.es\/ca\/categoria-producto\/paviments\/"},{"@type":"ListItem","position":4,"name":"Kai Pearl"}]},{"@type":"WebSite","@id":"https:\/\/ceramix.es\/ca\/#website","url":"https:\/\/ceramix.es\/ca\/","name":"Ceramix","description":"Cat\u00e1logo y stocks de gres porcel\u00e1nico e interiorismo.","publisher":{"@id":"https:\/\/ceramix.es\/ca\/#organization"},"potentialAction":[{"@type":"SearchAction","target":{"@type":"EntryPoint","urlTemplate":"https:\/\/ceramix.es\/ca\/?s={search_term_string}"},"query-input":{"@type":"PropertyValueSpecification","valueRequired":true,"valueName":"search_term_string"}}],"inLanguage":"ca"},{"@type":"Organization","@id":"https:\/\/ceramix.es\/ca\/#organization","name":"Ceramix","url":"https:\/\/ceramix.es\/ca\/","logo":{"@type":"ImageObject","inLanguage":"ca","@id":"https:\/\/ceramix.es\/ca\/#\/schema\/logo\/image\/","url":"https:\/\/ceramix.es\/wp-content\/uploads\/2025\/09\/logo-ceramix.png","contentUrl":"https:\/\/ceramix.es\/wp-content\/uploads\/2025\/09\/logo-ceramix.png","width":1200,"height":336,"caption":"Ceramix"},"image":{"@id":"https:\/\/ceramix.es\/ca\/#\/schema\/logo\/image\/"},"sameAs":["https:\/\/www.facebook.com\/ceramix.sbd","https:\/\/www.instagram.com\/ceramix.sbd"]}]}},"_links":{"self":[{"href":"https:\/\/ceramix.es\/ca\/wp-json\/wp\/v2\/product\/2192","targetHints":{"allow":["GET"]}}],"collection":[{"href":"https:\/\/ceramix.es\/ca\/wp-json\/wp\/v2\/product"}],"about":[{"href":"https:\/\/ceramix.es\/ca\/wp-json\/wp\/v2\/types\/product"}],"replies":[{"embeddable":true,"href":"https:\/\/ceramix.es\/ca\/wp-json\/wp\/v2\/comments?post=2192"}],"wp:featuredmedia":[{"embeddable":true,"href":"https:\/\/ceramix.es\/ca\/wp-json\/wp\/v2\/media\/2190"}],"wp:attachment":[{"href":"https:\/\/ceramix.es\/ca\/wp-json\/wp\/v2\/media?parent=2192"}],"wp:term":[{"taxonomy":"product_brand","embeddable":true,"href":"https:\/\/ceramix.es\/ca\/wp-json\/wp\/v2\/product_brand?post=2192"},{"taxonomy":"product_cat","embeddable":true,"href":"https:\/\/ceramix.es\/ca\/wp-json\/wp\/v2\/product_cat?post=2192"},{"taxonomy":"product_tag","embeddable":true,"href":"https:\/\/ceramix.es\/ca\/wp-json\/wp\/v2\/product_tag?post=2192"},{"taxonomy":"estilo-visual","embeddable":true,"href":"https:\/\/ceramix.es\/ca\/wp-json\/wp\/v2\/estilo-visual?post=2192"},{"taxonomy":"coleccion","embeddable":true,"href":"https:\/\/ceramix.es\/ca\/wp-json\/wp\/v2\/coleccion?post=2192"},{"taxonomy":"material","embeddable":true,"href":"https:\/\/ceramix.es\/ca\/wp-json\/wp\/v2\/material?post=2192"},{"taxonomy":"formato","embeddable":true,"href":"https:\/\/ceramix.es\/ca\/wp-json\/wp\/v2\/formato?post=2192"},{"taxonomy":"rectificado","embeddable":true,"href":"https:\/\/ceramix.es\/ca\/wp-json\/wp\/v2\/rectificado?post=2192"},{"taxonomy":"antideslizante","embeddable":true,"href":"https:\/\/ceramix.es\/ca\/wp-json\/wp\/v2\/antideslizante?post=2192"},{"taxonomy":"calidad","embeddable":true,"href":"https:\/\/ceramix.es\/ca\/wp-json\/wp\/v2\/calidad?post=2192"},{"taxonomy":"uso","embeddable":true,"href":"https:\/\/ceramix.es\/ca\/wp-json\/wp\/v2\/uso?post=2192"},{"taxonomy":"color","embeddable":true,"href":"https:\/\/ceramix.es\/ca\/wp-json\/wp\/v2\/color?post=2192"},{"taxonomy":"clasificacion","embeddable":true,"href":"https:\/\/ceramix.es\/ca\/wp-json\/wp\/v2\/clasificacion?post=2192"},{"taxonomy":"acabado","embeddable":true,"href":"https:\/\/ceramix.es\/ca\/wp-json\/wp\/v2\/acabado?post=2192"},{"taxonomy":"etiqueta-destacada","embeddable":true,"href":"https:\/\/ceramix.es\/ca\/wp-json\/wp\/v2\/etiqueta-destacada?post=2192"}],"curies":[{"name":"wp","href":"https:\/\/api.w.org\/{rel}","templated":true}]}}