{"id":2184,"date":"2026-02-04T16:54:45","date_gmt":"2026-02-04T15:54:45","guid":{"rendered":"https:\/\/ceramix.es\/producto\/oak-park-cacao\/"},"modified":"2026-03-04T18:15:03","modified_gmt":"2026-03-04T17:15:03","slug":"oak-park-cacao","status":"publish","type":"product","link":"https:\/\/ceramix.es\/ca\/producto\/oak-park-cacao\/","title":{"rendered":"Oak Park Cacao"},"content":{"rendered":"<p>El model Oak Park Cacao \u00e9s un material porcell\u00e0nic de gamma alta que recrea la fusta de roure en un to mitj\u00e0-fosc tipus xocolata, amb una est\u00e8tica molt cuidada, tranqui\u00b7la i elegant. Aquest disseny compta amb pocs nusos i un vetejat suau, fet que li dona una aparen\u00e7a molt neta i sofisticada. Aporta molta classe i confort a l&#8217;espai.  <\/p>\n","protected":false},"excerpt":{"rendered":"<p>El modelo Oak Park Cacao es un material porcel\u00e1nico de gama alta que recrea la madera de roble en un tono medio-oscuro tipo chocolate, con una est\u00e9tica muy cuidada, tranquila y elegante. Este dise\u00f1o cuenta con pocos nudos y un veteado suave, lo que le da una apariencia muy limpia y sofisticada. Aporta mucha clase y confort al espacio.  <\/p>\n","protected":false},"featured_media":2182,"comment_status":"open","ping_status":"closed","template":"","meta":[],"product_brand":[],"product_cat":[126,127],"product_tag":[],"estilo-visual":[124],"coleccion":[],"material":[125],"formato":[86],"rectificado":[33],"antideslizante":[214],"calidad":[35],"uso":[129,128,130,131],"color":[234],"clasificacion":[190],"acabado":[117],"etiqueta-destacada":[164,165],"class_list":{"0":"post-2184","1":"product","2":"type-product","3":"status-publish","4":"has-post-thumbnail","6":"product_cat-paviments","7":"product_cat-revestiments","8":"estilo-visual-fusta","9":"material-porcellanic","10":"formato-120x20","11":"rectificado-si","12":"antideslizante-no","13":"calidad-1a","14":"uso-exterior","15":"uso-interior","16":"uso-paret","17":"uso-terra","18":"color-marro-fosc","19":"clasificacion-disponibilitat-immediata","20":"acabado-mate","21":"etiqueta-destacada-oferta","22":"etiqueta-destacada-ultimes-unitats","24":"first","25":"instock","26":"sale","27":"shipping-taxable","28":"purchasable","29":"product-type-simple"},"yoast_head":"<!-- This site is optimized with the Yoast SEO plugin v27.4 - https:\/\/yoast.com\/product\/yoast-seo-wordpress\/ -->\n<title>Oak Park Cacao - Ceramix<\/title>\n<meta name=\"description\" content=\"El modelo Oak Park Cacao es un material porcel\u00e1nico de gama alta que recrea la madera de roble en un tono medio-oscuro tipo chocolate, con una est\u00e9tica muy cuidada, tranquila y elegante. Este dise\u00f1o cuenta con pocos nudos y un veteado suave, lo que le da una apariencia muy limpia y sofisticada. Aporta mucha clase y confort al espacio.\" \/>\n<meta name=\"robots\" content=\"index, follow, max-snippet:-1, max-image-preview:large, max-video-preview:-1\" \/>\n<link rel=\"canonical\" href=\"https:\/\/ceramix.es\/ca\/producto\/oak-park-cacao\/\" \/>\n<meta property=\"og:locale\" content=\"ca_ES\" \/>\n<meta property=\"og:type\" content=\"article\" \/>\n<meta property=\"og:title\" content=\"Oak Park Cacao - Ceramix\" \/>\n<meta property=\"og:description\" content=\"El modelo Oak Park Cacao es un material porcel\u00e1nico de gama alta que recrea la madera de roble en un tono medio-oscuro tipo chocolate, con una est\u00e9tica muy cuidada, tranquila y elegante. Este dise\u00f1o cuenta con pocos nudos y un veteado suave, lo que le da una apariencia muy limpia y sofisticada. Aporta mucha clase y confort al espacio.\" \/>\n<meta property=\"og:url\" content=\"https:\/\/ceramix.es\/ca\/producto\/oak-park-cacao\/\" \/>\n<meta property=\"og:site_name\" content=\"Ceramix\" \/>\n<meta property=\"article:publisher\" content=\"https:\/\/www.facebook.com\/ceramix.sbd\" \/>\n<meta property=\"article:modified_time\" content=\"2026-03-04T17:15:03+00:00\" \/>\n<meta property=\"og:image\" content=\"https:\/\/ceramix.es\/wp-content\/uploads\/2026\/02\/ambiente-13-1024x434.png\" \/>\n\t<meta property=\"og:image:width\" content=\"1024\" \/>\n\t<meta property=\"og:image:height\" content=\"434\" \/>\n\t<meta property=\"og:image:type\" content=\"image\/png\" \/>\n<meta name=\"twitter:card\" content=\"summary_large_image\" \/>\n<script type=\"application\/ld+json\" class=\"yoast-schema-graph\">{\"@context\":\"https:\\\/\\\/schema.org\",\"@graph\":[{\"@type\":\"WebPage\",\"@id\":\"https:\\\/\\\/ceramix.es\\\/ca\\\/producto\\\/oak-park-cacao\\\/\",\"url\":\"https:\\\/\\\/ceramix.es\\\/ca\\\/producto\\\/oak-park-cacao\\\/\",\"name\":\"Oak Park Cacao - Ceramix\",\"isPartOf\":{\"@id\":\"https:\\\/\\\/ceramix.es\\\/ca\\\/#website\"},\"primaryImageOfPage\":{\"@id\":\"https:\\\/\\\/ceramix.es\\\/ca\\\/producto\\\/oak-park-cacao\\\/#primaryimage\"},\"image\":{\"@id\":\"https:\\\/\\\/ceramix.es\\\/ca\\\/producto\\\/oak-park-cacao\\\/#primaryimage\"},\"thumbnailUrl\":\"https:\\\/\\\/ceramix.es\\\/wp-content\\\/uploads\\\/2026\\\/02\\\/ambiente-13-scaled.webp\",\"datePublished\":\"2026-02-04T15:54:45+00:00\",\"dateModified\":\"2026-03-04T17:15:03+00:00\",\"description\":\"El modelo Oak Park Cacao es un material porcel\u00e1nico de gama alta que recrea la madera de roble en un tono medio-oscuro tipo chocolate, con una est\u00e9tica muy cuidada, tranquila y elegante. Este dise\u00f1o cuenta con pocos nudos y un veteado suave, lo que le da una apariencia muy limpia y sofisticada. Aporta mucha clase y confort al espacio.\",\"breadcrumb\":{\"@id\":\"https:\\\/\\\/ceramix.es\\\/ca\\\/producto\\\/oak-park-cacao\\\/#breadcrumb\"},\"inLanguage\":\"ca\",\"potentialAction\":[{\"@type\":\"ReadAction\",\"target\":[\"https:\\\/\\\/ceramix.es\\\/ca\\\/producto\\\/oak-park-cacao\\\/\"]}]},{\"@type\":\"ImageObject\",\"inLanguage\":\"ca\",\"@id\":\"https:\\\/\\\/ceramix.es\\\/ca\\\/producto\\\/oak-park-cacao\\\/#primaryimage\",\"url\":\"https:\\\/\\\/ceramix.es\\\/wp-content\\\/uploads\\\/2026\\\/02\\\/ambiente-13-scaled.webp\",\"contentUrl\":\"https:\\\/\\\/ceramix.es\\\/wp-content\\\/uploads\\\/2026\\\/02\\\/ambiente-13-scaled.webp\",\"width\":2560,\"height\":1086},{\"@type\":\"BreadcrumbList\",\"@id\":\"https:\\\/\\\/ceramix.es\\\/ca\\\/producto\\\/oak-park-cacao\\\/#breadcrumb\",\"itemListElement\":[{\"@type\":\"ListItem\",\"position\":1,\"name\":\"Ceramix\",\"item\":\"https:\\\/\\\/ceramix.es\\\/ca\\\/ceramix\\\/\"},{\"@type\":\"ListItem\",\"position\":2,\"name\":\"Cat\u00e0leg de productes\",\"item\":\"https:\\\/\\\/ceramix.es\\\/ca\\\/cataleg-de-productes\\\/\"},{\"@type\":\"ListItem\",\"position\":3,\"name\":\"Paviments\",\"item\":\"https:\\\/\\\/ceramix.es\\\/ca\\\/categoria-producto\\\/paviments\\\/\"},{\"@type\":\"ListItem\",\"position\":4,\"name\":\"Oak Park Cacao\"}]},{\"@type\":\"WebSite\",\"@id\":\"https:\\\/\\\/ceramix.es\\\/ca\\\/#website\",\"url\":\"https:\\\/\\\/ceramix.es\\\/ca\\\/\",\"name\":\"Ceramix\",\"description\":\"Cat\u00e1logo y stocks de gres porcel\u00e1nico e interiorismo.\",\"publisher\":{\"@id\":\"https:\\\/\\\/ceramix.es\\\/ca\\\/#organization\"},\"potentialAction\":[{\"@type\":\"SearchAction\",\"target\":{\"@type\":\"EntryPoint\",\"urlTemplate\":\"https:\\\/\\\/ceramix.es\\\/ca\\\/?s={search_term_string}\"},\"query-input\":{\"@type\":\"PropertyValueSpecification\",\"valueRequired\":true,\"valueName\":\"search_term_string\"}}],\"inLanguage\":\"ca\"},{\"@type\":\"Organization\",\"@id\":\"https:\\\/\\\/ceramix.es\\\/ca\\\/#organization\",\"name\":\"Ceramix\",\"url\":\"https:\\\/\\\/ceramix.es\\\/ca\\\/\",\"logo\":{\"@type\":\"ImageObject\",\"inLanguage\":\"ca\",\"@id\":\"https:\\\/\\\/ceramix.es\\\/ca\\\/#\\\/schema\\\/logo\\\/image\\\/\",\"url\":\"https:\\\/\\\/ceramix.es\\\/wp-content\\\/uploads\\\/2025\\\/09\\\/logo-ceramix.png\",\"contentUrl\":\"https:\\\/\\\/ceramix.es\\\/wp-content\\\/uploads\\\/2025\\\/09\\\/logo-ceramix.png\",\"width\":1200,\"height\":336,\"caption\":\"Ceramix\"},\"image\":{\"@id\":\"https:\\\/\\\/ceramix.es\\\/ca\\\/#\\\/schema\\\/logo\\\/image\\\/\"},\"sameAs\":[\"https:\\\/\\\/www.facebook.com\\\/ceramix.sbd\",\"https:\\\/\\\/www.instagram.com\\\/ceramix.sbd\"]}]}<\/script>\n<!-- \/ Yoast SEO plugin. -->","yoast_head_json":{"title":"Oak Park Cacao - Ceramix","description":"El modelo Oak Park Cacao es un material porcel\u00e1nico de gama alta que recrea la madera de roble en un tono medio-oscuro tipo chocolate, con una est\u00e9tica muy cuidada, tranquila y elegante. Este dise\u00f1o cuenta con pocos nudos y un veteado suave, lo que le da una apariencia muy limpia y sofisticada. Aporta mucha clase y confort al espacio.","robots":{"index":"index","follow":"follow","max-snippet":"max-snippet:-1","max-image-preview":"max-image-preview:large","max-video-preview":"max-video-preview:-1"},"canonical":"https:\/\/ceramix.es\/ca\/producto\/oak-park-cacao\/","og_locale":"ca_ES","og_type":"article","og_title":"Oak Park Cacao - Ceramix","og_description":"El modelo Oak Park Cacao es un material porcel\u00e1nico de gama alta que recrea la madera de roble en un tono medio-oscuro tipo chocolate, con una est\u00e9tica muy cuidada, tranquila y elegante. Este dise\u00f1o cuenta con pocos nudos y un veteado suave, lo que le da una apariencia muy limpia y sofisticada. Aporta mucha clase y confort al espacio.","og_url":"https:\/\/ceramix.es\/ca\/producto\/oak-park-cacao\/","og_site_name":"Ceramix","article_publisher":"https:\/\/www.facebook.com\/ceramix.sbd","article_modified_time":"2026-03-04T17:15:03+00:00","og_image":[{"width":1024,"height":434,"url":"https:\/\/ceramix.es\/wp-content\/uploads\/2026\/02\/ambiente-13-1024x434.png","type":"image\/png"}],"twitter_card":"summary_large_image","schema":{"@context":"https:\/\/schema.org","@graph":[{"@type":"WebPage","@id":"https:\/\/ceramix.es\/ca\/producto\/oak-park-cacao\/","url":"https:\/\/ceramix.es\/ca\/producto\/oak-park-cacao\/","name":"Oak Park Cacao - Ceramix","isPartOf":{"@id":"https:\/\/ceramix.es\/ca\/#website"},"primaryImageOfPage":{"@id":"https:\/\/ceramix.es\/ca\/producto\/oak-park-cacao\/#primaryimage"},"image":{"@id":"https:\/\/ceramix.es\/ca\/producto\/oak-park-cacao\/#primaryimage"},"thumbnailUrl":"https:\/\/ceramix.es\/wp-content\/uploads\/2026\/02\/ambiente-13-scaled.webp","datePublished":"2026-02-04T15:54:45+00:00","dateModified":"2026-03-04T17:15:03+00:00","description":"El modelo Oak Park Cacao es un material porcel\u00e1nico de gama alta que recrea la madera de roble en un tono medio-oscuro tipo chocolate, con una est\u00e9tica muy cuidada, tranquila y elegante. Este dise\u00f1o cuenta con pocos nudos y un veteado suave, lo que le da una apariencia muy limpia y sofisticada. Aporta mucha clase y confort al espacio.","breadcrumb":{"@id":"https:\/\/ceramix.es\/ca\/producto\/oak-park-cacao\/#breadcrumb"},"inLanguage":"ca","potentialAction":[{"@type":"ReadAction","target":["https:\/\/ceramix.es\/ca\/producto\/oak-park-cacao\/"]}]},{"@type":"ImageObject","inLanguage":"ca","@id":"https:\/\/ceramix.es\/ca\/producto\/oak-park-cacao\/#primaryimage","url":"https:\/\/ceramix.es\/wp-content\/uploads\/2026\/02\/ambiente-13-scaled.webp","contentUrl":"https:\/\/ceramix.es\/wp-content\/uploads\/2026\/02\/ambiente-13-scaled.webp","width":2560,"height":1086},{"@type":"BreadcrumbList","@id":"https:\/\/ceramix.es\/ca\/producto\/oak-park-cacao\/#breadcrumb","itemListElement":[{"@type":"ListItem","position":1,"name":"Ceramix","item":"https:\/\/ceramix.es\/ca\/ceramix\/"},{"@type":"ListItem","position":2,"name":"Cat\u00e0leg de productes","item":"https:\/\/ceramix.es\/ca\/cataleg-de-productes\/"},{"@type":"ListItem","position":3,"name":"Paviments","item":"https:\/\/ceramix.es\/ca\/categoria-producto\/paviments\/"},{"@type":"ListItem","position":4,"name":"Oak Park Cacao"}]},{"@type":"WebSite","@id":"https:\/\/ceramix.es\/ca\/#website","url":"https:\/\/ceramix.es\/ca\/","name":"Ceramix","description":"Cat\u00e1logo y stocks de gres porcel\u00e1nico e interiorismo.","publisher":{"@id":"https:\/\/ceramix.es\/ca\/#organization"},"potentialAction":[{"@type":"SearchAction","target":{"@type":"EntryPoint","urlTemplate":"https:\/\/ceramix.es\/ca\/?s={search_term_string}"},"query-input":{"@type":"PropertyValueSpecification","valueRequired":true,"valueName":"search_term_string"}}],"inLanguage":"ca"},{"@type":"Organization","@id":"https:\/\/ceramix.es\/ca\/#organization","name":"Ceramix","url":"https:\/\/ceramix.es\/ca\/","logo":{"@type":"ImageObject","inLanguage":"ca","@id":"https:\/\/ceramix.es\/ca\/#\/schema\/logo\/image\/","url":"https:\/\/ceramix.es\/wp-content\/uploads\/2025\/09\/logo-ceramix.png","contentUrl":"https:\/\/ceramix.es\/wp-content\/uploads\/2025\/09\/logo-ceramix.png","width":1200,"height":336,"caption":"Ceramix"},"image":{"@id":"https:\/\/ceramix.es\/ca\/#\/schema\/logo\/image\/"},"sameAs":["https:\/\/www.facebook.com\/ceramix.sbd","https:\/\/www.instagram.com\/ceramix.sbd"]}]}},"_links":{"self":[{"href":"https:\/\/ceramix.es\/ca\/wp-json\/wp\/v2\/product\/2184","targetHints":{"allow":["GET"]}}],"collection":[{"href":"https:\/\/ceramix.es\/ca\/wp-json\/wp\/v2\/product"}],"about":[{"href":"https:\/\/ceramix.es\/ca\/wp-json\/wp\/v2\/types\/product"}],"replies":[{"embeddable":true,"href":"https:\/\/ceramix.es\/ca\/wp-json\/wp\/v2\/comments?post=2184"}],"wp:featuredmedia":[{"embeddable":true,"href":"https:\/\/ceramix.es\/ca\/wp-json\/wp\/v2\/media\/2182"}],"wp:attachment":[{"href":"https:\/\/ceramix.es\/ca\/wp-json\/wp\/v2\/media?parent=2184"}],"wp:term":[{"taxonomy":"product_brand","embeddable":true,"href":"https:\/\/ceramix.es\/ca\/wp-json\/wp\/v2\/product_brand?post=2184"},{"taxonomy":"product_cat","embeddable":true,"href":"https:\/\/ceramix.es\/ca\/wp-json\/wp\/v2\/product_cat?post=2184"},{"taxonomy":"product_tag","embeddable":true,"href":"https:\/\/ceramix.es\/ca\/wp-json\/wp\/v2\/product_tag?post=2184"},{"taxonomy":"estilo-visual","embeddable":true,"href":"https:\/\/ceramix.es\/ca\/wp-json\/wp\/v2\/estilo-visual?post=2184"},{"taxonomy":"coleccion","embeddable":true,"href":"https:\/\/ceramix.es\/ca\/wp-json\/wp\/v2\/coleccion?post=2184"},{"taxonomy":"material","embeddable":true,"href":"https:\/\/ceramix.es\/ca\/wp-json\/wp\/v2\/material?post=2184"},{"taxonomy":"formato","embeddable":true,"href":"https:\/\/ceramix.es\/ca\/wp-json\/wp\/v2\/formato?post=2184"},{"taxonomy":"rectificado","embeddable":true,"href":"https:\/\/ceramix.es\/ca\/wp-json\/wp\/v2\/rectificado?post=2184"},{"taxonomy":"antideslizante","embeddable":true,"href":"https:\/\/ceramix.es\/ca\/wp-json\/wp\/v2\/antideslizante?post=2184"},{"taxonomy":"calidad","embeddable":true,"href":"https:\/\/ceramix.es\/ca\/wp-json\/wp\/v2\/calidad?post=2184"},{"taxonomy":"uso","embeddable":true,"href":"https:\/\/ceramix.es\/ca\/wp-json\/wp\/v2\/uso?post=2184"},{"taxonomy":"color","embeddable":true,"href":"https:\/\/ceramix.es\/ca\/wp-json\/wp\/v2\/color?post=2184"},{"taxonomy":"clasificacion","embeddable":true,"href":"https:\/\/ceramix.es\/ca\/wp-json\/wp\/v2\/clasificacion?post=2184"},{"taxonomy":"acabado","embeddable":true,"href":"https:\/\/ceramix.es\/ca\/wp-json\/wp\/v2\/acabado?post=2184"},{"taxonomy":"etiqueta-destacada","embeddable":true,"href":"https:\/\/ceramix.es\/ca\/wp-json\/wp\/v2\/etiqueta-destacada?post=2184"}],"curies":[{"name":"wp","href":"https:\/\/api.w.org\/{rel}","templated":true}]}}