{"id":1623,"date":"2025-12-24T11:00:07","date_gmt":"2025-12-24T10:00:07","guid":{"rendered":"https:\/\/ceramix.es\/producto\/mercury\/"},"modified":"2026-04-23T11:32:39","modified_gmt":"2026-04-23T09:32:39","slug":"mercury","status":"publish","type":"product","link":"https:\/\/ceramix.es\/ca\/producto\/mercury\/","title":{"rendered":"Mercury"},"content":{"rendered":"<p>El model Mercury es posiciona com l&#8217;elecci\u00f3 predilecta per als amants de l&#8217;estil modern, minimalista o industrial. Inspirat en l&#8217;est\u00e8tica neta dels ciments m\u00e9s avantguardistes, aquest material aporta un car\u00e0cter imponent i contemporani a qualsevol estan\u00e7a. <\/p>\n","protected":false},"excerpt":{"rendered":"<p>El model Mercury es posiciona com l&#8217;elecci\u00f3 predilecta per als amants de l&#8217;estil modern, minimalista o industrial. Inspirat en l&#8217;est\u00e8tica neta dels ciments m\u00e9s avantguardistes, aquest material aporta un car\u00e0cter imponent i contemporani a qualsevol estan\u00e7a. <\/p>\n","protected":false},"featured_media":1618,"comment_status":"open","ping_status":"closed","template":"","meta":[],"product_brand":[],"product_cat":[150,126,127],"product_tag":[],"estilo-visual":[179],"coleccion":[182],"material":[125],"formato":[27,28,29,42],"rectificado":[33],"antideslizante":[34,46],"calidad":[35],"uso":[129,128,130,131],"color":[268,290,270,342],"clasificacion":[118],"acabado":[117],"etiqueta-destacada":[],"class_list":{"0":"post-1623","1":"product","2":"type-product","3":"status-publish","4":"has-post-thumbnail","6":"product_cat-gran-format","7":"product_cat-paviments","8":"product_cat-revestiments","9":"estilo-visual-ciment","10":"coleccion-mercury","11":"material-porcellanic","12":"formato-30x60","13":"formato-60x60","14":"formato-60x120","15":"formato-120x120","16":"rectificado-si","17":"antideslizante-r11","18":"antideslizante-r9","19":"calidad-1a","20":"uso-exterior","21":"uso-interior","22":"uso-paret","23":"uso-terra","24":"color-cream","25":"color-dark","26":"color-grey","27":"color-light","28":"clasificacion-cataleg","29":"acabado-mate","31":"first","32":"instock","33":"shipping-taxable","34":"purchasable","35":"product-type-variable"},"yoast_head":"<!-- This site is optimized with the Yoast SEO plugin v27.4 - https:\/\/yoast.com\/product\/yoast-seo-wordpress\/ -->\n<title>Mercury - Ceramix<\/title>\n<meta name=\"description\" content=\"El model Mercury es posiciona com l&#039;elecci\u00f3 predilecta per als amants de l&#039;estil modern, minimalista o industrial. Inspirat en l&#039;est\u00e8tica neta dels ciments m\u00e9s avantguardistes, aquest material aporta un car\u00e0cter imponent i contemporani a qualsevol estan\u00e7a.\" \/>\n<meta name=\"robots\" content=\"index, follow, max-snippet:-1, max-image-preview:large, max-video-preview:-1\" \/>\n<link rel=\"canonical\" href=\"https:\/\/ceramix.es\/ca\/producto\/mercury\/\" \/>\n<meta property=\"og:locale\" content=\"ca_ES\" \/>\n<meta property=\"og:type\" content=\"article\" \/>\n<meta property=\"og:title\" content=\"Mercury - Ceramix\" \/>\n<meta property=\"og:description\" content=\"El model Mercury es posiciona com l&#039;elecci\u00f3 predilecta per als amants de l&#039;estil modern, minimalista o industrial. Inspirat en l&#039;est\u00e8tica neta dels ciments m\u00e9s avantguardistes, aquest material aporta un car\u00e0cter imponent i contemporani a qualsevol estan\u00e7a.\" \/>\n<meta property=\"og:url\" content=\"https:\/\/ceramix.es\/ca\/producto\/mercury\/\" \/>\n<meta property=\"og:site_name\" content=\"Ceramix\" \/>\n<meta property=\"article:publisher\" content=\"https:\/\/www.facebook.com\/ceramix.sbd\" \/>\n<meta property=\"article:modified_time\" content=\"2026-04-23T09:32:39+00:00\" \/>\n<meta property=\"og:image\" content=\"https:\/\/ceramix.es\/wp-content\/uploads\/2025\/12\/ambiente-1.webp\" \/>\n\t<meta property=\"og:image:width\" content=\"1920\" \/>\n\t<meta property=\"og:image:height\" content=\"1344\" \/>\n\t<meta property=\"og:image:type\" content=\"image\/webp\" \/>\n<meta name=\"twitter:card\" content=\"summary_large_image\" \/>\n<script type=\"application\/ld+json\" class=\"yoast-schema-graph\">{\"@context\":\"https:\\\/\\\/schema.org\",\"@graph\":[{\"@type\":\"WebPage\",\"@id\":\"https:\\\/\\\/ceramix.es\\\/ca\\\/producto\\\/mercury\\\/\",\"url\":\"https:\\\/\\\/ceramix.es\\\/ca\\\/producto\\\/mercury\\\/\",\"name\":\"Mercury - Ceramix\",\"isPartOf\":{\"@id\":\"https:\\\/\\\/ceramix.es\\\/ca\\\/#website\"},\"primaryImageOfPage\":{\"@id\":\"https:\\\/\\\/ceramix.es\\\/ca\\\/producto\\\/mercury\\\/#primaryimage\"},\"image\":{\"@id\":\"https:\\\/\\\/ceramix.es\\\/ca\\\/producto\\\/mercury\\\/#primaryimage\"},\"thumbnailUrl\":\"https:\\\/\\\/ceramix.es\\\/wp-content\\\/uploads\\\/2025\\\/12\\\/ambiente-1.webp\",\"datePublished\":\"2025-12-24T10:00:07+00:00\",\"dateModified\":\"2026-04-23T09:32:39+00:00\",\"description\":\"El model Mercury es posiciona com l'elecci\u00f3 predilecta per als amants de l'estil modern, minimalista o industrial. Inspirat en l'est\u00e8tica neta dels ciments m\u00e9s avantguardistes, aquest material aporta un car\u00e0cter imponent i contemporani a qualsevol estan\u00e7a.\",\"breadcrumb\":{\"@id\":\"https:\\\/\\\/ceramix.es\\\/ca\\\/producto\\\/mercury\\\/#breadcrumb\"},\"inLanguage\":\"ca\",\"potentialAction\":[{\"@type\":\"ReadAction\",\"target\":[\"https:\\\/\\\/ceramix.es\\\/ca\\\/producto\\\/mercury\\\/\"]}]},{\"@type\":\"ImageObject\",\"inLanguage\":\"ca\",\"@id\":\"https:\\\/\\\/ceramix.es\\\/ca\\\/producto\\\/mercury\\\/#primaryimage\",\"url\":\"https:\\\/\\\/ceramix.es\\\/wp-content\\\/uploads\\\/2025\\\/12\\\/ambiente-1.webp\",\"contentUrl\":\"https:\\\/\\\/ceramix.es\\\/wp-content\\\/uploads\\\/2025\\\/12\\\/ambiente-1.webp\",\"width\":1920,\"height\":1344},{\"@type\":\"BreadcrumbList\",\"@id\":\"https:\\\/\\\/ceramix.es\\\/ca\\\/producto\\\/mercury\\\/#breadcrumb\",\"itemListElement\":[{\"@type\":\"ListItem\",\"position\":1,\"name\":\"Ceramix\",\"item\":\"https:\\\/\\\/ceramix.es\\\/ca\\\/ceramix\\\/\"},{\"@type\":\"ListItem\",\"position\":2,\"name\":\"Cat\u00e0leg de productes\",\"item\":\"https:\\\/\\\/ceramix.es\\\/ca\\\/cataleg-de-productes\\\/\"},{\"@type\":\"ListItem\",\"position\":3,\"name\":\"Gran format\",\"item\":\"https:\\\/\\\/ceramix.es\\\/ca\\\/categoria-producto\\\/gran-format\\\/\"},{\"@type\":\"ListItem\",\"position\":4,\"name\":\"Mercury\"}]},{\"@type\":\"WebSite\",\"@id\":\"https:\\\/\\\/ceramix.es\\\/ca\\\/#website\",\"url\":\"https:\\\/\\\/ceramix.es\\\/ca\\\/\",\"name\":\"Ceramix\",\"description\":\"Cat\u00e1logo y stocks de gres porcel\u00e1nico e interiorismo.\",\"publisher\":{\"@id\":\"https:\\\/\\\/ceramix.es\\\/ca\\\/#organization\"},\"potentialAction\":[{\"@type\":\"SearchAction\",\"target\":{\"@type\":\"EntryPoint\",\"urlTemplate\":\"https:\\\/\\\/ceramix.es\\\/ca\\\/?s={search_term_string}\"},\"query-input\":{\"@type\":\"PropertyValueSpecification\",\"valueRequired\":true,\"valueName\":\"search_term_string\"}}],\"inLanguage\":\"ca\"},{\"@type\":\"Organization\",\"@id\":\"https:\\\/\\\/ceramix.es\\\/ca\\\/#organization\",\"name\":\"Ceramix\",\"url\":\"https:\\\/\\\/ceramix.es\\\/ca\\\/\",\"logo\":{\"@type\":\"ImageObject\",\"inLanguage\":\"ca\",\"@id\":\"https:\\\/\\\/ceramix.es\\\/ca\\\/#\\\/schema\\\/logo\\\/image\\\/\",\"url\":\"https:\\\/\\\/ceramix.es\\\/wp-content\\\/uploads\\\/2025\\\/09\\\/logo-ceramix.png\",\"contentUrl\":\"https:\\\/\\\/ceramix.es\\\/wp-content\\\/uploads\\\/2025\\\/09\\\/logo-ceramix.png\",\"width\":1200,\"height\":336,\"caption\":\"Ceramix\"},\"image\":{\"@id\":\"https:\\\/\\\/ceramix.es\\\/ca\\\/#\\\/schema\\\/logo\\\/image\\\/\"},\"sameAs\":[\"https:\\\/\\\/www.facebook.com\\\/ceramix.sbd\",\"https:\\\/\\\/www.instagram.com\\\/ceramix.sbd\"]}]}<\/script>\n<!-- \/ Yoast SEO plugin. -->","yoast_head_json":{"title":"Mercury - Ceramix","description":"El model Mercury es posiciona com l'elecci\u00f3 predilecta per als amants de l'estil modern, minimalista o industrial. Inspirat en l'est\u00e8tica neta dels ciments m\u00e9s avantguardistes, aquest material aporta un car\u00e0cter imponent i contemporani a qualsevol estan\u00e7a.","robots":{"index":"index","follow":"follow","max-snippet":"max-snippet:-1","max-image-preview":"max-image-preview:large","max-video-preview":"max-video-preview:-1"},"canonical":"https:\/\/ceramix.es\/ca\/producto\/mercury\/","og_locale":"ca_ES","og_type":"article","og_title":"Mercury - Ceramix","og_description":"El model Mercury es posiciona com l'elecci\u00f3 predilecta per als amants de l'estil modern, minimalista o industrial. Inspirat en l'est\u00e8tica neta dels ciments m\u00e9s avantguardistes, aquest material aporta un car\u00e0cter imponent i contemporani a qualsevol estan\u00e7a.","og_url":"https:\/\/ceramix.es\/ca\/producto\/mercury\/","og_site_name":"Ceramix","article_publisher":"https:\/\/www.facebook.com\/ceramix.sbd","article_modified_time":"2026-04-23T09:32:39+00:00","og_image":[{"width":1920,"height":1344,"url":"https:\/\/ceramix.es\/wp-content\/uploads\/2025\/12\/ambiente-1.webp","type":"image\/webp"}],"twitter_card":"summary_large_image","schema":{"@context":"https:\/\/schema.org","@graph":[{"@type":"WebPage","@id":"https:\/\/ceramix.es\/ca\/producto\/mercury\/","url":"https:\/\/ceramix.es\/ca\/producto\/mercury\/","name":"Mercury - Ceramix","isPartOf":{"@id":"https:\/\/ceramix.es\/ca\/#website"},"primaryImageOfPage":{"@id":"https:\/\/ceramix.es\/ca\/producto\/mercury\/#primaryimage"},"image":{"@id":"https:\/\/ceramix.es\/ca\/producto\/mercury\/#primaryimage"},"thumbnailUrl":"https:\/\/ceramix.es\/wp-content\/uploads\/2025\/12\/ambiente-1.webp","datePublished":"2025-12-24T10:00:07+00:00","dateModified":"2026-04-23T09:32:39+00:00","description":"El model Mercury es posiciona com l'elecci\u00f3 predilecta per als amants de l'estil modern, minimalista o industrial. Inspirat en l'est\u00e8tica neta dels ciments m\u00e9s avantguardistes, aquest material aporta un car\u00e0cter imponent i contemporani a qualsevol estan\u00e7a.","breadcrumb":{"@id":"https:\/\/ceramix.es\/ca\/producto\/mercury\/#breadcrumb"},"inLanguage":"ca","potentialAction":[{"@type":"ReadAction","target":["https:\/\/ceramix.es\/ca\/producto\/mercury\/"]}]},{"@type":"ImageObject","inLanguage":"ca","@id":"https:\/\/ceramix.es\/ca\/producto\/mercury\/#primaryimage","url":"https:\/\/ceramix.es\/wp-content\/uploads\/2025\/12\/ambiente-1.webp","contentUrl":"https:\/\/ceramix.es\/wp-content\/uploads\/2025\/12\/ambiente-1.webp","width":1920,"height":1344},{"@type":"BreadcrumbList","@id":"https:\/\/ceramix.es\/ca\/producto\/mercury\/#breadcrumb","itemListElement":[{"@type":"ListItem","position":1,"name":"Ceramix","item":"https:\/\/ceramix.es\/ca\/ceramix\/"},{"@type":"ListItem","position":2,"name":"Cat\u00e0leg de productes","item":"https:\/\/ceramix.es\/ca\/cataleg-de-productes\/"},{"@type":"ListItem","position":3,"name":"Gran format","item":"https:\/\/ceramix.es\/ca\/categoria-producto\/gran-format\/"},{"@type":"ListItem","position":4,"name":"Mercury"}]},{"@type":"WebSite","@id":"https:\/\/ceramix.es\/ca\/#website","url":"https:\/\/ceramix.es\/ca\/","name":"Ceramix","description":"Cat\u00e1logo y stocks de gres porcel\u00e1nico e interiorismo.","publisher":{"@id":"https:\/\/ceramix.es\/ca\/#organization"},"potentialAction":[{"@type":"SearchAction","target":{"@type":"EntryPoint","urlTemplate":"https:\/\/ceramix.es\/ca\/?s={search_term_string}"},"query-input":{"@type":"PropertyValueSpecification","valueRequired":true,"valueName":"search_term_string"}}],"inLanguage":"ca"},{"@type":"Organization","@id":"https:\/\/ceramix.es\/ca\/#organization","name":"Ceramix","url":"https:\/\/ceramix.es\/ca\/","logo":{"@type":"ImageObject","inLanguage":"ca","@id":"https:\/\/ceramix.es\/ca\/#\/schema\/logo\/image\/","url":"https:\/\/ceramix.es\/wp-content\/uploads\/2025\/09\/logo-ceramix.png","contentUrl":"https:\/\/ceramix.es\/wp-content\/uploads\/2025\/09\/logo-ceramix.png","width":1200,"height":336,"caption":"Ceramix"},"image":{"@id":"https:\/\/ceramix.es\/ca\/#\/schema\/logo\/image\/"},"sameAs":["https:\/\/www.facebook.com\/ceramix.sbd","https:\/\/www.instagram.com\/ceramix.sbd"]}]}},"_links":{"self":[{"href":"https:\/\/ceramix.es\/ca\/wp-json\/wp\/v2\/product\/1623","targetHints":{"allow":["GET"]}}],"collection":[{"href":"https:\/\/ceramix.es\/ca\/wp-json\/wp\/v2\/product"}],"about":[{"href":"https:\/\/ceramix.es\/ca\/wp-json\/wp\/v2\/types\/product"}],"replies":[{"embeddable":true,"href":"https:\/\/ceramix.es\/ca\/wp-json\/wp\/v2\/comments?post=1623"}],"wp:featuredmedia":[{"embeddable":true,"href":"https:\/\/ceramix.es\/ca\/wp-json\/wp\/v2\/media\/1618"}],"wp:attachment":[{"href":"https:\/\/ceramix.es\/ca\/wp-json\/wp\/v2\/media?parent=1623"}],"wp:term":[{"taxonomy":"product_brand","embeddable":true,"href":"https:\/\/ceramix.es\/ca\/wp-json\/wp\/v2\/product_brand?post=1623"},{"taxonomy":"product_cat","embeddable":true,"href":"https:\/\/ceramix.es\/ca\/wp-json\/wp\/v2\/product_cat?post=1623"},{"taxonomy":"product_tag","embeddable":true,"href":"https:\/\/ceramix.es\/ca\/wp-json\/wp\/v2\/product_tag?post=1623"},{"taxonomy":"estilo-visual","embeddable":true,"href":"https:\/\/ceramix.es\/ca\/wp-json\/wp\/v2\/estilo-visual?post=1623"},{"taxonomy":"coleccion","embeddable":true,"href":"https:\/\/ceramix.es\/ca\/wp-json\/wp\/v2\/coleccion?post=1623"},{"taxonomy":"material","embeddable":true,"href":"https:\/\/ceramix.es\/ca\/wp-json\/wp\/v2\/material?post=1623"},{"taxonomy":"formato","embeddable":true,"href":"https:\/\/ceramix.es\/ca\/wp-json\/wp\/v2\/formato?post=1623"},{"taxonomy":"rectificado","embeddable":true,"href":"https:\/\/ceramix.es\/ca\/wp-json\/wp\/v2\/rectificado?post=1623"},{"taxonomy":"antideslizante","embeddable":true,"href":"https:\/\/ceramix.es\/ca\/wp-json\/wp\/v2\/antideslizante?post=1623"},{"taxonomy":"calidad","embeddable":true,"href":"https:\/\/ceramix.es\/ca\/wp-json\/wp\/v2\/calidad?post=1623"},{"taxonomy":"uso","embeddable":true,"href":"https:\/\/ceramix.es\/ca\/wp-json\/wp\/v2\/uso?post=1623"},{"taxonomy":"color","embeddable":true,"href":"https:\/\/ceramix.es\/ca\/wp-json\/wp\/v2\/color?post=1623"},{"taxonomy":"clasificacion","embeddable":true,"href":"https:\/\/ceramix.es\/ca\/wp-json\/wp\/v2\/clasificacion?post=1623"},{"taxonomy":"acabado","embeddable":true,"href":"https:\/\/ceramix.es\/ca\/wp-json\/wp\/v2\/acabado?post=1623"},{"taxonomy":"etiqueta-destacada","embeddable":true,"href":"https:\/\/ceramix.es\/ca\/wp-json\/wp\/v2\/etiqueta-destacada?post=1623"}],"curies":[{"name":"wp","href":"https:\/\/api.w.org\/{rel}","templated":true}]}}