{"id":1554,"date":"2025-12-24T12:05:16","date_gmt":"2025-12-24T11:05:16","guid":{"rendered":"https:\/\/ceramix.es\/producto\/epsilon\/"},"modified":"2026-04-23T11:27:39","modified_gmt":"2026-04-23T09:27:39","slug":"epsilon","status":"publish","type":"product","link":"https:\/\/ceramix.es\/ca\/producto\/epsilon\/","title":{"rendered":"Epsilon"},"content":{"rendered":"<p>El model Epsilon trenca amb la convencionalitat. \u00c9s un porcell\u00e0nic jaspiat que reinterpreta la pedra natural amb una personalitat abassegadora. Destaca especialment per la seva versi\u00f3 Blue, que aporta un toc ex\u00f2tic i de luxe contemporani, mentre que els tons Light i Dark ofereixen una base elegant i atemporal. \u00c9s ideal per a aquells que busquen que el terra o la paret siguin el centre de totes les mirades i evoquin l&#8217;exclusivitat de les pedres semiprecioses.<\/p>\n","protected":false},"excerpt":{"rendered":"<p>El model Epsilon trenca amb la convencionalitat. \u00c9s un porcell\u00e0nic jaspiat que reinterpreta la pedra natural amb una personalitat abassegadora. Destaca especialment per la seva versi\u00f3 Blue, que aporta un toc ex\u00f2tic i de luxe contemporani, mentre que els tons Light i Dark ofereixen una base elegant i atemporal. \u00c9s ideal per a aquells que busquen que el terra o la paret siguin el centre de totes les mirades i evoquin l&#8217;exclusivitat de les pedres semiprecioses.<\/p>\n","protected":false},"featured_media":1550,"comment_status":"open","ping_status":"closed","template":"","meta":[],"product_brand":[],"product_cat":[126,127],"product_tag":[],"estilo-visual":[147],"coleccion":[157],"material":[125],"formato":[29],"rectificado":[33],"antideslizante":[214],"calidad":[35],"uso":[129,128,130,131],"color":[348,290,342],"clasificacion":[118],"acabado":[144,282],"etiqueta-destacada":[],"class_list":{"0":"post-1554","1":"product","2":"type-product","3":"status-publish","4":"has-post-thumbnail","6":"product_cat-paviments","7":"product_cat-revestiments","8":"estilo-visual-marbre","9":"coleccion-epsilon","10":"material-porcellanic","11":"formato-60x120","12":"rectificado-si","13":"antideslizante-no","14":"calidad-1a","15":"uso-exterior","16":"uso-interior","17":"uso-paret","18":"uso-terra","19":"color-blue","20":"color-dark","21":"color-light","22":"clasificacion-cataleg","23":"acabado-polit","24":"acabado-super-pulit","26":"first","27":"instock","28":"shipping-taxable","29":"purchasable","30":"product-type-variable"},"yoast_head":"<!-- This site is optimized with the Yoast SEO plugin v27.4 - https:\/\/yoast.com\/product\/yoast-seo-wordpress\/ -->\n<title>Epsilon - Ceramix<\/title>\n<meta name=\"description\" content=\"El model Epsilon trenca amb la convencionalitat. \u00c9s un porcell\u00e0nic jaspiat que reinterpreta la pedra natural amb una personalitat abassegadora. Destaca especialment per la seva versi\u00f3 Blue, que aporta un toc ex\u00f2tic i de luxe contemporani, mentre que els tons Light i Dark ofereixen una base elegant i atemporal. \u00c9s ideal per a aquells que busquen que el terra o la paret siguin el centre de totes les mirades i evoquin l&#039;exclusivitat de les pedres semiprecioses.\" \/>\n<meta name=\"robots\" content=\"index, follow, max-snippet:-1, max-image-preview:large, max-video-preview:-1\" \/>\n<link rel=\"canonical\" href=\"https:\/\/ceramix.es\/ca\/producto\/epsilon\/\" \/>\n<meta property=\"og:locale\" content=\"ca_ES\" \/>\n<meta property=\"og:type\" content=\"article\" \/>\n<meta property=\"og:title\" content=\"Epsilon - Ceramix\" \/>\n<meta property=\"og:description\" content=\"El model Epsilon trenca amb la convencionalitat. \u00c9s un porcell\u00e0nic jaspiat que reinterpreta la pedra natural amb una personalitat abassegadora. Destaca especialment per la seva versi\u00f3 Blue, que aporta un toc ex\u00f2tic i de luxe contemporani, mentre que els tons Light i Dark ofereixen una base elegant i atemporal. \u00c9s ideal per a aquells que busquen que el terra o la paret siguin el centre de totes les mirades i evoquin l&#039;exclusivitat de les pedres semiprecioses.\" \/>\n<meta property=\"og:url\" content=\"https:\/\/ceramix.es\/ca\/producto\/epsilon\/\" \/>\n<meta property=\"og:site_name\" content=\"Ceramix\" \/>\n<meta property=\"article:publisher\" content=\"https:\/\/www.facebook.com\/ceramix.sbd\" \/>\n<meta property=\"article:modified_time\" content=\"2026-04-23T09:27:39+00:00\" \/>\n<meta property=\"og:image\" content=\"https:\/\/ceramix.es\/wp-content\/uploads\/2025\/12\/ambiente-15.webp\" \/>\n\t<meta property=\"og:image:width\" content=\"1920\" \/>\n\t<meta property=\"og:image:height\" content=\"1344\" \/>\n\t<meta property=\"og:image:type\" content=\"image\/webp\" \/>\n<meta name=\"twitter:card\" content=\"summary_large_image\" \/>\n<script type=\"application\/ld+json\" class=\"yoast-schema-graph\">{\"@context\":\"https:\\\/\\\/schema.org\",\"@graph\":[{\"@type\":\"WebPage\",\"@id\":\"https:\\\/\\\/ceramix.es\\\/ca\\\/producto\\\/epsilon\\\/\",\"url\":\"https:\\\/\\\/ceramix.es\\\/ca\\\/producto\\\/epsilon\\\/\",\"name\":\"Epsilon - Ceramix\",\"isPartOf\":{\"@id\":\"https:\\\/\\\/ceramix.es\\\/ca\\\/#website\"},\"primaryImageOfPage\":{\"@id\":\"https:\\\/\\\/ceramix.es\\\/ca\\\/producto\\\/epsilon\\\/#primaryimage\"},\"image\":{\"@id\":\"https:\\\/\\\/ceramix.es\\\/ca\\\/producto\\\/epsilon\\\/#primaryimage\"},\"thumbnailUrl\":\"https:\\\/\\\/ceramix.es\\\/wp-content\\\/uploads\\\/2025\\\/12\\\/ambiente-15.webp\",\"datePublished\":\"2025-12-24T11:05:16+00:00\",\"dateModified\":\"2026-04-23T09:27:39+00:00\",\"description\":\"El model Epsilon trenca amb la convencionalitat. \u00c9s un porcell\u00e0nic jaspiat que reinterpreta la pedra natural amb una personalitat abassegadora. Destaca especialment per la seva versi\u00f3 Blue, que aporta un toc ex\u00f2tic i de luxe contemporani, mentre que els tons Light i Dark ofereixen una base elegant i atemporal. \u00c9s ideal per a aquells que busquen que el terra o la paret siguin el centre de totes les mirades i evoquin l'exclusivitat de les pedres semiprecioses.\",\"breadcrumb\":{\"@id\":\"https:\\\/\\\/ceramix.es\\\/ca\\\/producto\\\/epsilon\\\/#breadcrumb\"},\"inLanguage\":\"ca\",\"potentialAction\":[{\"@type\":\"ReadAction\",\"target\":[\"https:\\\/\\\/ceramix.es\\\/ca\\\/producto\\\/epsilon\\\/\"]}]},{\"@type\":\"ImageObject\",\"inLanguage\":\"ca\",\"@id\":\"https:\\\/\\\/ceramix.es\\\/ca\\\/producto\\\/epsilon\\\/#primaryimage\",\"url\":\"https:\\\/\\\/ceramix.es\\\/wp-content\\\/uploads\\\/2025\\\/12\\\/ambiente-15.webp\",\"contentUrl\":\"https:\\\/\\\/ceramix.es\\\/wp-content\\\/uploads\\\/2025\\\/12\\\/ambiente-15.webp\",\"width\":1920,\"height\":1344},{\"@type\":\"BreadcrumbList\",\"@id\":\"https:\\\/\\\/ceramix.es\\\/ca\\\/producto\\\/epsilon\\\/#breadcrumb\",\"itemListElement\":[{\"@type\":\"ListItem\",\"position\":1,\"name\":\"Ceramix\",\"item\":\"https:\\\/\\\/ceramix.es\\\/ca\\\/ceramix\\\/\"},{\"@type\":\"ListItem\",\"position\":2,\"name\":\"Cat\u00e0leg de productes\",\"item\":\"https:\\\/\\\/ceramix.es\\\/ca\\\/cataleg-de-productes\\\/\"},{\"@type\":\"ListItem\",\"position\":3,\"name\":\"Paviments\",\"item\":\"https:\\\/\\\/ceramix.es\\\/ca\\\/categoria-producto\\\/paviments\\\/\"},{\"@type\":\"ListItem\",\"position\":4,\"name\":\"Epsilon\"}]},{\"@type\":\"WebSite\",\"@id\":\"https:\\\/\\\/ceramix.es\\\/ca\\\/#website\",\"url\":\"https:\\\/\\\/ceramix.es\\\/ca\\\/\",\"name\":\"Ceramix\",\"description\":\"Cat\u00e1logo y stocks de gres porcel\u00e1nico e interiorismo.\",\"publisher\":{\"@id\":\"https:\\\/\\\/ceramix.es\\\/ca\\\/#organization\"},\"potentialAction\":[{\"@type\":\"SearchAction\",\"target\":{\"@type\":\"EntryPoint\",\"urlTemplate\":\"https:\\\/\\\/ceramix.es\\\/ca\\\/?s={search_term_string}\"},\"query-input\":{\"@type\":\"PropertyValueSpecification\",\"valueRequired\":true,\"valueName\":\"search_term_string\"}}],\"inLanguage\":\"ca\"},{\"@type\":\"Organization\",\"@id\":\"https:\\\/\\\/ceramix.es\\\/ca\\\/#organization\",\"name\":\"Ceramix\",\"url\":\"https:\\\/\\\/ceramix.es\\\/ca\\\/\",\"logo\":{\"@type\":\"ImageObject\",\"inLanguage\":\"ca\",\"@id\":\"https:\\\/\\\/ceramix.es\\\/ca\\\/#\\\/schema\\\/logo\\\/image\\\/\",\"url\":\"https:\\\/\\\/ceramix.es\\\/wp-content\\\/uploads\\\/2025\\\/09\\\/logo-ceramix.png\",\"contentUrl\":\"https:\\\/\\\/ceramix.es\\\/wp-content\\\/uploads\\\/2025\\\/09\\\/logo-ceramix.png\",\"width\":1200,\"height\":336,\"caption\":\"Ceramix\"},\"image\":{\"@id\":\"https:\\\/\\\/ceramix.es\\\/ca\\\/#\\\/schema\\\/logo\\\/image\\\/\"},\"sameAs\":[\"https:\\\/\\\/www.facebook.com\\\/ceramix.sbd\",\"https:\\\/\\\/www.instagram.com\\\/ceramix.sbd\"]}]}<\/script>\n<!-- \/ Yoast SEO plugin. -->","yoast_head_json":{"title":"Epsilon - Ceramix","description":"El model Epsilon trenca amb la convencionalitat. \u00c9s un porcell\u00e0nic jaspiat que reinterpreta la pedra natural amb una personalitat abassegadora. Destaca especialment per la seva versi\u00f3 Blue, que aporta un toc ex\u00f2tic i de luxe contemporani, mentre que els tons Light i Dark ofereixen una base elegant i atemporal. \u00c9s ideal per a aquells que busquen que el terra o la paret siguin el centre de totes les mirades i evoquin l'exclusivitat de les pedres semiprecioses.","robots":{"index":"index","follow":"follow","max-snippet":"max-snippet:-1","max-image-preview":"max-image-preview:large","max-video-preview":"max-video-preview:-1"},"canonical":"https:\/\/ceramix.es\/ca\/producto\/epsilon\/","og_locale":"ca_ES","og_type":"article","og_title":"Epsilon - Ceramix","og_description":"El model Epsilon trenca amb la convencionalitat. \u00c9s un porcell\u00e0nic jaspiat que reinterpreta la pedra natural amb una personalitat abassegadora. Destaca especialment per la seva versi\u00f3 Blue, que aporta un toc ex\u00f2tic i de luxe contemporani, mentre que els tons Light i Dark ofereixen una base elegant i atemporal. \u00c9s ideal per a aquells que busquen que el terra o la paret siguin el centre de totes les mirades i evoquin l'exclusivitat de les pedres semiprecioses.","og_url":"https:\/\/ceramix.es\/ca\/producto\/epsilon\/","og_site_name":"Ceramix","article_publisher":"https:\/\/www.facebook.com\/ceramix.sbd","article_modified_time":"2026-04-23T09:27:39+00:00","og_image":[{"width":1920,"height":1344,"url":"https:\/\/ceramix.es\/wp-content\/uploads\/2025\/12\/ambiente-15.webp","type":"image\/webp"}],"twitter_card":"summary_large_image","schema":{"@context":"https:\/\/schema.org","@graph":[{"@type":"WebPage","@id":"https:\/\/ceramix.es\/ca\/producto\/epsilon\/","url":"https:\/\/ceramix.es\/ca\/producto\/epsilon\/","name":"Epsilon - Ceramix","isPartOf":{"@id":"https:\/\/ceramix.es\/ca\/#website"},"primaryImageOfPage":{"@id":"https:\/\/ceramix.es\/ca\/producto\/epsilon\/#primaryimage"},"image":{"@id":"https:\/\/ceramix.es\/ca\/producto\/epsilon\/#primaryimage"},"thumbnailUrl":"https:\/\/ceramix.es\/wp-content\/uploads\/2025\/12\/ambiente-15.webp","datePublished":"2025-12-24T11:05:16+00:00","dateModified":"2026-04-23T09:27:39+00:00","description":"El model Epsilon trenca amb la convencionalitat. \u00c9s un porcell\u00e0nic jaspiat que reinterpreta la pedra natural amb una personalitat abassegadora. Destaca especialment per la seva versi\u00f3 Blue, que aporta un toc ex\u00f2tic i de luxe contemporani, mentre que els tons Light i Dark ofereixen una base elegant i atemporal. \u00c9s ideal per a aquells que busquen que el terra o la paret siguin el centre de totes les mirades i evoquin l'exclusivitat de les pedres semiprecioses.","breadcrumb":{"@id":"https:\/\/ceramix.es\/ca\/producto\/epsilon\/#breadcrumb"},"inLanguage":"ca","potentialAction":[{"@type":"ReadAction","target":["https:\/\/ceramix.es\/ca\/producto\/epsilon\/"]}]},{"@type":"ImageObject","inLanguage":"ca","@id":"https:\/\/ceramix.es\/ca\/producto\/epsilon\/#primaryimage","url":"https:\/\/ceramix.es\/wp-content\/uploads\/2025\/12\/ambiente-15.webp","contentUrl":"https:\/\/ceramix.es\/wp-content\/uploads\/2025\/12\/ambiente-15.webp","width":1920,"height":1344},{"@type":"BreadcrumbList","@id":"https:\/\/ceramix.es\/ca\/producto\/epsilon\/#breadcrumb","itemListElement":[{"@type":"ListItem","position":1,"name":"Ceramix","item":"https:\/\/ceramix.es\/ca\/ceramix\/"},{"@type":"ListItem","position":2,"name":"Cat\u00e0leg de productes","item":"https:\/\/ceramix.es\/ca\/cataleg-de-productes\/"},{"@type":"ListItem","position":3,"name":"Paviments","item":"https:\/\/ceramix.es\/ca\/categoria-producto\/paviments\/"},{"@type":"ListItem","position":4,"name":"Epsilon"}]},{"@type":"WebSite","@id":"https:\/\/ceramix.es\/ca\/#website","url":"https:\/\/ceramix.es\/ca\/","name":"Ceramix","description":"Cat\u00e1logo y stocks de gres porcel\u00e1nico e interiorismo.","publisher":{"@id":"https:\/\/ceramix.es\/ca\/#organization"},"potentialAction":[{"@type":"SearchAction","target":{"@type":"EntryPoint","urlTemplate":"https:\/\/ceramix.es\/ca\/?s={search_term_string}"},"query-input":{"@type":"PropertyValueSpecification","valueRequired":true,"valueName":"search_term_string"}}],"inLanguage":"ca"},{"@type":"Organization","@id":"https:\/\/ceramix.es\/ca\/#organization","name":"Ceramix","url":"https:\/\/ceramix.es\/ca\/","logo":{"@type":"ImageObject","inLanguage":"ca","@id":"https:\/\/ceramix.es\/ca\/#\/schema\/logo\/image\/","url":"https:\/\/ceramix.es\/wp-content\/uploads\/2025\/09\/logo-ceramix.png","contentUrl":"https:\/\/ceramix.es\/wp-content\/uploads\/2025\/09\/logo-ceramix.png","width":1200,"height":336,"caption":"Ceramix"},"image":{"@id":"https:\/\/ceramix.es\/ca\/#\/schema\/logo\/image\/"},"sameAs":["https:\/\/www.facebook.com\/ceramix.sbd","https:\/\/www.instagram.com\/ceramix.sbd"]}]}},"_links":{"self":[{"href":"https:\/\/ceramix.es\/ca\/wp-json\/wp\/v2\/product\/1554","targetHints":{"allow":["GET"]}}],"collection":[{"href":"https:\/\/ceramix.es\/ca\/wp-json\/wp\/v2\/product"}],"about":[{"href":"https:\/\/ceramix.es\/ca\/wp-json\/wp\/v2\/types\/product"}],"replies":[{"embeddable":true,"href":"https:\/\/ceramix.es\/ca\/wp-json\/wp\/v2\/comments?post=1554"}],"wp:featuredmedia":[{"embeddable":true,"href":"https:\/\/ceramix.es\/ca\/wp-json\/wp\/v2\/media\/1550"}],"wp:attachment":[{"href":"https:\/\/ceramix.es\/ca\/wp-json\/wp\/v2\/media?parent=1554"}],"wp:term":[{"taxonomy":"product_brand","embeddable":true,"href":"https:\/\/ceramix.es\/ca\/wp-json\/wp\/v2\/product_brand?post=1554"},{"taxonomy":"product_cat","embeddable":true,"href":"https:\/\/ceramix.es\/ca\/wp-json\/wp\/v2\/product_cat?post=1554"},{"taxonomy":"product_tag","embeddable":true,"href":"https:\/\/ceramix.es\/ca\/wp-json\/wp\/v2\/product_tag?post=1554"},{"taxonomy":"estilo-visual","embeddable":true,"href":"https:\/\/ceramix.es\/ca\/wp-json\/wp\/v2\/estilo-visual?post=1554"},{"taxonomy":"coleccion","embeddable":true,"href":"https:\/\/ceramix.es\/ca\/wp-json\/wp\/v2\/coleccion?post=1554"},{"taxonomy":"material","embeddable":true,"href":"https:\/\/ceramix.es\/ca\/wp-json\/wp\/v2\/material?post=1554"},{"taxonomy":"formato","embeddable":true,"href":"https:\/\/ceramix.es\/ca\/wp-json\/wp\/v2\/formato?post=1554"},{"taxonomy":"rectificado","embeddable":true,"href":"https:\/\/ceramix.es\/ca\/wp-json\/wp\/v2\/rectificado?post=1554"},{"taxonomy":"antideslizante","embeddable":true,"href":"https:\/\/ceramix.es\/ca\/wp-json\/wp\/v2\/antideslizante?post=1554"},{"taxonomy":"calidad","embeddable":true,"href":"https:\/\/ceramix.es\/ca\/wp-json\/wp\/v2\/calidad?post=1554"},{"taxonomy":"uso","embeddable":true,"href":"https:\/\/ceramix.es\/ca\/wp-json\/wp\/v2\/uso?post=1554"},{"taxonomy":"color","embeddable":true,"href":"https:\/\/ceramix.es\/ca\/wp-json\/wp\/v2\/color?post=1554"},{"taxonomy":"clasificacion","embeddable":true,"href":"https:\/\/ceramix.es\/ca\/wp-json\/wp\/v2\/clasificacion?post=1554"},{"taxonomy":"acabado","embeddable":true,"href":"https:\/\/ceramix.es\/ca\/wp-json\/wp\/v2\/acabado?post=1554"},{"taxonomy":"etiqueta-destacada","embeddable":true,"href":"https:\/\/ceramix.es\/ca\/wp-json\/wp\/v2\/etiqueta-destacada?post=1554"}],"curies":[{"name":"wp","href":"https:\/\/api.w.org\/{rel}","templated":true}]}}