{"id":1372,"date":"2025-12-24T12:48:15","date_gmt":"2025-12-24T11:48:15","guid":{"rendered":"https:\/\/ceramix.es\/producto\/tropic\/"},"modified":"2026-03-05T12:30:40","modified_gmt":"2026-03-05T11:30:40","slug":"tropic","status":"publish","type":"product","link":"https:\/\/ceramix.es\/ca\/producto\/tropic\/","title":{"rendered":"Tropic"},"content":{"rendered":"<p>La s\u00e8rie Tropic reprodueix fidelment la textura i la riquesa crom\u00e0tica de la fusta natural, sumant-hi la resist\u00e8ncia inalterable del porcell\u00e0nic. \u00c9s la soluci\u00f3 perfecta per a aquells que desitgen gaudir de l&#8217;est\u00e8tica acollidora de la fusta en zones d&#8217;alt tr\u00e0nsit o humides, sense preocupar-se pel manteniment. Ideal tant per a ambients r\u00fastics moderns com per a espais contemporanis que busquen un toc de natura.  <\/p>\n","protected":false},"excerpt":{"rendered":"<p>La s\u00e8rie Tropic reprodueix fidelment la textura i la riquesa crom\u00e0tica de la fusta natural, sumant-hi la resist\u00e8ncia inalterable del porcell\u00e0nic. \u00c9s la soluci\u00f3 perfecta per a aquells que desitgen gaudir de l&#8217;est\u00e8tica acollidora de la fusta en zones d&#8217;alt tr\u00e0nsit o humides, sense preocupar-se pel manteniment. Ideal tant per a ambients r\u00fastics moderns com per a espais contemporanis que busquen un toc de natura.  <\/p>\n","protected":false},"featured_media":3364,"comment_status":"open","ping_status":"closed","template":"","meta":[],"product_brand":[],"product_cat":[126,127],"product_tag":[],"estilo-visual":[124],"coleccion":[119],"material":[125],"formato":[86],"rectificado":[33],"antideslizante":[52],"calidad":[35],"uso":[129,128,130,131],"color":[122,121,123,274],"clasificacion":[118],"acabado":[117],"etiqueta-destacada":[],"class_list":{"0":"post-1372","1":"product","2":"type-product","3":"status-publish","4":"has-post-thumbnail","6":"product_cat-paviments","7":"product_cat-revestiments","8":"estilo-visual-fusta","9":"coleccion-tropic","10":"material-porcellanic","11":"formato-120x20","12":"rectificado-si","13":"antideslizante-r10","14":"calidad-1a","15":"uso-exterior","16":"uso-interior","17":"uso-paret","18":"uso-terra","19":"color-cirerer","20":"color-faig","21":"color-nou","22":"color-winter","23":"clasificacion-cataleg","24":"acabado-mate","26":"first","27":"instock","28":"shipping-taxable","29":"purchasable","30":"product-type-variable"},"yoast_head":"<!-- This site is optimized with the Yoast SEO plugin v27.4 - https:\/\/yoast.com\/product\/yoast-seo-wordpress\/ -->\n<title>Tropic - Ceramix<\/title>\n<meta name=\"description\" content=\"La s\u00e8rie Tropic reprodueix fidelment la textura i la riquesa crom\u00e0tica de la fusta natural, sumant-hi la resist\u00e8ncia inalterable del porcell\u00e0nic. \u00c9s la soluci\u00f3 perfecta per a aquells que desitgen gaudir de l&#039;est\u00e8tica acollidora de la fusta en zones d&#039;alt tr\u00e0nsit o humides, sense preocupar-se pel manteniment. Ideal tant per a ambients r\u00fastics moderns com per a espais contemporanis que busquen un toc de natura.\" \/>\n<meta name=\"robots\" content=\"index, follow, max-snippet:-1, max-image-preview:large, max-video-preview:-1\" \/>\n<link rel=\"canonical\" href=\"https:\/\/ceramix.es\/ca\/producto\/tropic\/\" \/>\n<meta property=\"og:locale\" content=\"ca_ES\" \/>\n<meta property=\"og:type\" content=\"article\" \/>\n<meta property=\"og:title\" content=\"Tropic - Ceramix\" \/>\n<meta property=\"og:description\" content=\"La s\u00e8rie Tropic reprodueix fidelment la textura i la riquesa crom\u00e0tica de la fusta natural, sumant-hi la resist\u00e8ncia inalterable del porcell\u00e0nic. \u00c9s la soluci\u00f3 perfecta per a aquells que desitgen gaudir de l&#039;est\u00e8tica acollidora de la fusta en zones d&#039;alt tr\u00e0nsit o humides, sense preocupar-se pel manteniment. Ideal tant per a ambients r\u00fastics moderns com per a espais contemporanis que busquen un toc de natura.\" \/>\n<meta property=\"og:url\" content=\"https:\/\/ceramix.es\/ca\/producto\/tropic\/\" \/>\n<meta property=\"og:site_name\" content=\"Ceramix\" \/>\n<meta property=\"article:publisher\" content=\"https:\/\/www.facebook.com\/ceramix.sbd\" \/>\n<meta property=\"article:modified_time\" content=\"2026-03-05T11:30:40+00:00\" \/>\n<meta property=\"og:image\" content=\"https:\/\/ceramix.es\/wp-content\/uploads\/2025\/12\/ambiente-27.webp\" \/>\n\t<meta property=\"og:image:width\" content=\"1920\" \/>\n\t<meta property=\"og:image:height\" content=\"1160\" \/>\n\t<meta property=\"og:image:type\" content=\"image\/webp\" \/>\n<meta name=\"twitter:card\" content=\"summary_large_image\" \/>\n<script type=\"application\/ld+json\" class=\"yoast-schema-graph\">{\"@context\":\"https:\\\/\\\/schema.org\",\"@graph\":[{\"@type\":\"WebPage\",\"@id\":\"https:\\\/\\\/ceramix.es\\\/ca\\\/producto\\\/tropic\\\/\",\"url\":\"https:\\\/\\\/ceramix.es\\\/ca\\\/producto\\\/tropic\\\/\",\"name\":\"Tropic - Ceramix\",\"isPartOf\":{\"@id\":\"https:\\\/\\\/ceramix.es\\\/ca\\\/#website\"},\"primaryImageOfPage\":{\"@id\":\"https:\\\/\\\/ceramix.es\\\/ca\\\/producto\\\/tropic\\\/#primaryimage\"},\"image\":{\"@id\":\"https:\\\/\\\/ceramix.es\\\/ca\\\/producto\\\/tropic\\\/#primaryimage\"},\"thumbnailUrl\":\"https:\\\/\\\/ceramix.es\\\/wp-content\\\/uploads\\\/2025\\\/12\\\/ambiente-tropic.webp\",\"datePublished\":\"2025-12-24T11:48:15+00:00\",\"dateModified\":\"2026-03-05T11:30:40+00:00\",\"description\":\"La s\u00e8rie Tropic reprodueix fidelment la textura i la riquesa crom\u00e0tica de la fusta natural, sumant-hi la resist\u00e8ncia inalterable del porcell\u00e0nic. \u00c9s la soluci\u00f3 perfecta per a aquells que desitgen gaudir de l'est\u00e8tica acollidora de la fusta en zones d'alt tr\u00e0nsit o humides, sense preocupar-se pel manteniment. Ideal tant per a ambients r\u00fastics moderns com per a espais contemporanis que busquen un toc de natura.\",\"breadcrumb\":{\"@id\":\"https:\\\/\\\/ceramix.es\\\/ca\\\/producto\\\/tropic\\\/#breadcrumb\"},\"inLanguage\":\"ca\",\"potentialAction\":[{\"@type\":\"ReadAction\",\"target\":[\"https:\\\/\\\/ceramix.es\\\/ca\\\/producto\\\/tropic\\\/\"]}]},{\"@type\":\"ImageObject\",\"inLanguage\":\"ca\",\"@id\":\"https:\\\/\\\/ceramix.es\\\/ca\\\/producto\\\/tropic\\\/#primaryimage\",\"url\":\"https:\\\/\\\/ceramix.es\\\/wp-content\\\/uploads\\\/2025\\\/12\\\/ambiente-tropic.webp\",\"contentUrl\":\"https:\\\/\\\/ceramix.es\\\/wp-content\\\/uploads\\\/2025\\\/12\\\/ambiente-tropic.webp\",\"width\":1418,\"height\":1600},{\"@type\":\"BreadcrumbList\",\"@id\":\"https:\\\/\\\/ceramix.es\\\/ca\\\/producto\\\/tropic\\\/#breadcrumb\",\"itemListElement\":[{\"@type\":\"ListItem\",\"position\":1,\"name\":\"Ceramix\",\"item\":\"https:\\\/\\\/ceramix.es\\\/ca\\\/ceramix\\\/\"},{\"@type\":\"ListItem\",\"position\":2,\"name\":\"Cat\u00e0leg de productes\",\"item\":\"https:\\\/\\\/ceramix.es\\\/ca\\\/cataleg-de-productes\\\/\"},{\"@type\":\"ListItem\",\"position\":3,\"name\":\"Paviments\",\"item\":\"https:\\\/\\\/ceramix.es\\\/ca\\\/categoria-producto\\\/paviments\\\/\"},{\"@type\":\"ListItem\",\"position\":4,\"name\":\"Tropic\"}]},{\"@type\":\"WebSite\",\"@id\":\"https:\\\/\\\/ceramix.es\\\/ca\\\/#website\",\"url\":\"https:\\\/\\\/ceramix.es\\\/ca\\\/\",\"name\":\"Ceramix\",\"description\":\"Cat\u00e1logo y stocks de gres porcel\u00e1nico e interiorismo.\",\"publisher\":{\"@id\":\"https:\\\/\\\/ceramix.es\\\/ca\\\/#organization\"},\"potentialAction\":[{\"@type\":\"SearchAction\",\"target\":{\"@type\":\"EntryPoint\",\"urlTemplate\":\"https:\\\/\\\/ceramix.es\\\/ca\\\/?s={search_term_string}\"},\"query-input\":{\"@type\":\"PropertyValueSpecification\",\"valueRequired\":true,\"valueName\":\"search_term_string\"}}],\"inLanguage\":\"ca\"},{\"@type\":\"Organization\",\"@id\":\"https:\\\/\\\/ceramix.es\\\/ca\\\/#organization\",\"name\":\"Ceramix\",\"url\":\"https:\\\/\\\/ceramix.es\\\/ca\\\/\",\"logo\":{\"@type\":\"ImageObject\",\"inLanguage\":\"ca\",\"@id\":\"https:\\\/\\\/ceramix.es\\\/ca\\\/#\\\/schema\\\/logo\\\/image\\\/\",\"url\":\"https:\\\/\\\/ceramix.es\\\/wp-content\\\/uploads\\\/2025\\\/09\\\/logo-ceramix.png\",\"contentUrl\":\"https:\\\/\\\/ceramix.es\\\/wp-content\\\/uploads\\\/2025\\\/09\\\/logo-ceramix.png\",\"width\":1200,\"height\":336,\"caption\":\"Ceramix\"},\"image\":{\"@id\":\"https:\\\/\\\/ceramix.es\\\/ca\\\/#\\\/schema\\\/logo\\\/image\\\/\"},\"sameAs\":[\"https:\\\/\\\/www.facebook.com\\\/ceramix.sbd\",\"https:\\\/\\\/www.instagram.com\\\/ceramix.sbd\"]}]}<\/script>\n<!-- \/ Yoast SEO plugin. -->","yoast_head_json":{"title":"Tropic - Ceramix","description":"La s\u00e8rie Tropic reprodueix fidelment la textura i la riquesa crom\u00e0tica de la fusta natural, sumant-hi la resist\u00e8ncia inalterable del porcell\u00e0nic. \u00c9s la soluci\u00f3 perfecta per a aquells que desitgen gaudir de l'est\u00e8tica acollidora de la fusta en zones d'alt tr\u00e0nsit o humides, sense preocupar-se pel manteniment. Ideal tant per a ambients r\u00fastics moderns com per a espais contemporanis que busquen un toc de natura.","robots":{"index":"index","follow":"follow","max-snippet":"max-snippet:-1","max-image-preview":"max-image-preview:large","max-video-preview":"max-video-preview:-1"},"canonical":"https:\/\/ceramix.es\/ca\/producto\/tropic\/","og_locale":"ca_ES","og_type":"article","og_title":"Tropic - Ceramix","og_description":"La s\u00e8rie Tropic reprodueix fidelment la textura i la riquesa crom\u00e0tica de la fusta natural, sumant-hi la resist\u00e8ncia inalterable del porcell\u00e0nic. \u00c9s la soluci\u00f3 perfecta per a aquells que desitgen gaudir de l'est\u00e8tica acollidora de la fusta en zones d'alt tr\u00e0nsit o humides, sense preocupar-se pel manteniment. Ideal tant per a ambients r\u00fastics moderns com per a espais contemporanis que busquen un toc de natura.","og_url":"https:\/\/ceramix.es\/ca\/producto\/tropic\/","og_site_name":"Ceramix","article_publisher":"https:\/\/www.facebook.com\/ceramix.sbd","article_modified_time":"2026-03-05T11:30:40+00:00","og_image":[{"width":1920,"height":1160,"url":"https:\/\/ceramix.es\/wp-content\/uploads\/2025\/12\/ambiente-27.webp","type":"image\/webp"}],"twitter_card":"summary_large_image","schema":{"@context":"https:\/\/schema.org","@graph":[{"@type":"WebPage","@id":"https:\/\/ceramix.es\/ca\/producto\/tropic\/","url":"https:\/\/ceramix.es\/ca\/producto\/tropic\/","name":"Tropic - Ceramix","isPartOf":{"@id":"https:\/\/ceramix.es\/ca\/#website"},"primaryImageOfPage":{"@id":"https:\/\/ceramix.es\/ca\/producto\/tropic\/#primaryimage"},"image":{"@id":"https:\/\/ceramix.es\/ca\/producto\/tropic\/#primaryimage"},"thumbnailUrl":"https:\/\/ceramix.es\/wp-content\/uploads\/2025\/12\/ambiente-tropic.webp","datePublished":"2025-12-24T11:48:15+00:00","dateModified":"2026-03-05T11:30:40+00:00","description":"La s\u00e8rie Tropic reprodueix fidelment la textura i la riquesa crom\u00e0tica de la fusta natural, sumant-hi la resist\u00e8ncia inalterable del porcell\u00e0nic. \u00c9s la soluci\u00f3 perfecta per a aquells que desitgen gaudir de l'est\u00e8tica acollidora de la fusta en zones d'alt tr\u00e0nsit o humides, sense preocupar-se pel manteniment. Ideal tant per a ambients r\u00fastics moderns com per a espais contemporanis que busquen un toc de natura.","breadcrumb":{"@id":"https:\/\/ceramix.es\/ca\/producto\/tropic\/#breadcrumb"},"inLanguage":"ca","potentialAction":[{"@type":"ReadAction","target":["https:\/\/ceramix.es\/ca\/producto\/tropic\/"]}]},{"@type":"ImageObject","inLanguage":"ca","@id":"https:\/\/ceramix.es\/ca\/producto\/tropic\/#primaryimage","url":"https:\/\/ceramix.es\/wp-content\/uploads\/2025\/12\/ambiente-tropic.webp","contentUrl":"https:\/\/ceramix.es\/wp-content\/uploads\/2025\/12\/ambiente-tropic.webp","width":1418,"height":1600},{"@type":"BreadcrumbList","@id":"https:\/\/ceramix.es\/ca\/producto\/tropic\/#breadcrumb","itemListElement":[{"@type":"ListItem","position":1,"name":"Ceramix","item":"https:\/\/ceramix.es\/ca\/ceramix\/"},{"@type":"ListItem","position":2,"name":"Cat\u00e0leg de productes","item":"https:\/\/ceramix.es\/ca\/cataleg-de-productes\/"},{"@type":"ListItem","position":3,"name":"Paviments","item":"https:\/\/ceramix.es\/ca\/categoria-producto\/paviments\/"},{"@type":"ListItem","position":4,"name":"Tropic"}]},{"@type":"WebSite","@id":"https:\/\/ceramix.es\/ca\/#website","url":"https:\/\/ceramix.es\/ca\/","name":"Ceramix","description":"Cat\u00e1logo y stocks de gres porcel\u00e1nico e interiorismo.","publisher":{"@id":"https:\/\/ceramix.es\/ca\/#organization"},"potentialAction":[{"@type":"SearchAction","target":{"@type":"EntryPoint","urlTemplate":"https:\/\/ceramix.es\/ca\/?s={search_term_string}"},"query-input":{"@type":"PropertyValueSpecification","valueRequired":true,"valueName":"search_term_string"}}],"inLanguage":"ca"},{"@type":"Organization","@id":"https:\/\/ceramix.es\/ca\/#organization","name":"Ceramix","url":"https:\/\/ceramix.es\/ca\/","logo":{"@type":"ImageObject","inLanguage":"ca","@id":"https:\/\/ceramix.es\/ca\/#\/schema\/logo\/image\/","url":"https:\/\/ceramix.es\/wp-content\/uploads\/2025\/09\/logo-ceramix.png","contentUrl":"https:\/\/ceramix.es\/wp-content\/uploads\/2025\/09\/logo-ceramix.png","width":1200,"height":336,"caption":"Ceramix"},"image":{"@id":"https:\/\/ceramix.es\/ca\/#\/schema\/logo\/image\/"},"sameAs":["https:\/\/www.facebook.com\/ceramix.sbd","https:\/\/www.instagram.com\/ceramix.sbd"]}]}},"_links":{"self":[{"href":"https:\/\/ceramix.es\/ca\/wp-json\/wp\/v2\/product\/1372","targetHints":{"allow":["GET"]}}],"collection":[{"href":"https:\/\/ceramix.es\/ca\/wp-json\/wp\/v2\/product"}],"about":[{"href":"https:\/\/ceramix.es\/ca\/wp-json\/wp\/v2\/types\/product"}],"replies":[{"embeddable":true,"href":"https:\/\/ceramix.es\/ca\/wp-json\/wp\/v2\/comments?post=1372"}],"wp:featuredmedia":[{"embeddable":true,"href":"https:\/\/ceramix.es\/ca\/wp-json\/wp\/v2\/media\/3364"}],"wp:attachment":[{"href":"https:\/\/ceramix.es\/ca\/wp-json\/wp\/v2\/media?parent=1372"}],"wp:term":[{"taxonomy":"product_brand","embeddable":true,"href":"https:\/\/ceramix.es\/ca\/wp-json\/wp\/v2\/product_brand?post=1372"},{"taxonomy":"product_cat","embeddable":true,"href":"https:\/\/ceramix.es\/ca\/wp-json\/wp\/v2\/product_cat?post=1372"},{"taxonomy":"product_tag","embeddable":true,"href":"https:\/\/ceramix.es\/ca\/wp-json\/wp\/v2\/product_tag?post=1372"},{"taxonomy":"estilo-visual","embeddable":true,"href":"https:\/\/ceramix.es\/ca\/wp-json\/wp\/v2\/estilo-visual?post=1372"},{"taxonomy":"coleccion","embeddable":true,"href":"https:\/\/ceramix.es\/ca\/wp-json\/wp\/v2\/coleccion?post=1372"},{"taxonomy":"material","embeddable":true,"href":"https:\/\/ceramix.es\/ca\/wp-json\/wp\/v2\/material?post=1372"},{"taxonomy":"formato","embeddable":true,"href":"https:\/\/ceramix.es\/ca\/wp-json\/wp\/v2\/formato?post=1372"},{"taxonomy":"rectificado","embeddable":true,"href":"https:\/\/ceramix.es\/ca\/wp-json\/wp\/v2\/rectificado?post=1372"},{"taxonomy":"antideslizante","embeddable":true,"href":"https:\/\/ceramix.es\/ca\/wp-json\/wp\/v2\/antideslizante?post=1372"},{"taxonomy":"calidad","embeddable":true,"href":"https:\/\/ceramix.es\/ca\/wp-json\/wp\/v2\/calidad?post=1372"},{"taxonomy":"uso","embeddable":true,"href":"https:\/\/ceramix.es\/ca\/wp-json\/wp\/v2\/uso?post=1372"},{"taxonomy":"color","embeddable":true,"href":"https:\/\/ceramix.es\/ca\/wp-json\/wp\/v2\/color?post=1372"},{"taxonomy":"clasificacion","embeddable":true,"href":"https:\/\/ceramix.es\/ca\/wp-json\/wp\/v2\/clasificacion?post=1372"},{"taxonomy":"acabado","embeddable":true,"href":"https:\/\/ceramix.es\/ca\/wp-json\/wp\/v2\/acabado?post=1372"},{"taxonomy":"etiqueta-destacada","embeddable":true,"href":"https:\/\/ceramix.es\/ca\/wp-json\/wp\/v2\/etiqueta-destacada?post=1372"}],"curies":[{"name":"wp","href":"https:\/\/api.w.org\/{rel}","templated":true}]}}